{"id":4088,"date":"2021-11-10T14:22:51","date_gmt":"2021-11-10T12:22:51","guid":{"rendered":"https:\/\/pygomic.com\/?page_id=4088"},"modified":"2022-06-12T17:13:51","modified_gmt":"2022-06-12T15:13:51","slug":"sobre-nosotros","status":"publish","type":"page","link":"https:\/\/pygomic.com\/en\/sobre-nosotros\/","title":{"rendered":"About us"},"content":{"rendered":"<div data-elementor-type=\"wp-page\" data-elementor-id=\"4088\" class=\"elementor elementor-4088\" data-elementor-post-type=\"page\">\n\t\t\t\t\t\t<section class=\"elementor-section elementor-top-section elementor-element elementor-element-6f78ae4 elementor-section-boxed elementor-section-height-default elementor-section-height-default\" data-id=\"6f78ae4\" data-element_type=\"section\" data-e-type=\"section\">\n\t\t\t\t\t\t<div class=\"elementor-container elementor-column-gap-default\">\n\t\t\t\t\t<div class=\"elementor-column elementor-col-50 elementor-top-column elementor-element elementor-element-72704a3\" data-id=\"72704a3\" data-element_type=\"column\" data-e-type=\"column\">\n\t\t\t<div class=\"elementor-widget-wrap elementor-element-populated\">\n\t\t\t\t\t\t<div class=\"elementor-element elementor-element-b0fb107 elementor-hidden-mobile elementor-widget elementor-widget-image\" data-id=\"b0fb107\" data-element_type=\"widget\" data-e-type=\"widget\" data-widget_type=\"image.default\">\n\t\t\t\t<div class=\"elementor-widget-container\">\n\t\t\t\t\t\t\t\t\t\t\t\t\t\t\t<img fetchpriority=\"high\" decoding=\"async\" width=\"300\" height=\"300\" src=\"https:\/\/pygomic.com\/\/wp-content\/uploads\/2020\/05\/Pygomic-P-1.png\" class=\"attachment-large size-large wp-image-1472\" alt=\"\" srcset=\"https:\/\/pygomic.com\/\/wp-content\/uploads\/2020\/05\/Pygomic-P-1.png 300w, https:\/\/pygomic.com\/\/wp-content\/uploads\/2020\/05\/Pygomic-P-1-100x100.png 100w, https:\/\/pygomic.com\/\/wp-content\/uploads\/2020\/05\/Pygomic-P-1-150x150.png 150w\" sizes=\"(max-width: 300px) 100vw, 300px\" \/>\t\t\t\t\t\t\t\t\t\t\t\t\t\t\t<\/div>\n\t\t\t\t<\/div>\n\t\t\t\t\t<\/div>\n\t\t<\/div>\n\t\t\t\t<div class=\"elementor-column elementor-col-50 elementor-top-column elementor-element elementor-element-9bfd1f0\" data-id=\"9bfd1f0\" data-element_type=\"column\" data-e-type=\"column\">\n\t\t\t<div class=\"elementor-widget-wrap elementor-element-populated\">\n\t\t\t\t\t\t<div class=\"elementor-element elementor-element-38e8ce6 elementor-widget elementor-widget-text-editor\" data-id=\"38e8ce6\" data-element_type=\"widget\" data-e-type=\"widget\" data-widget_type=\"text-editor.default\">\n\t\t\t\t<div class=\"elementor-widget-container\">\n\t\t\t\t\t\t\t\t\t<p class=\"translation-block\">\u00abThe bicycle is a force of change.\u00a0<span style=\"font-size: 1rem\">From transportation to competition, cycling contributes to sustainability and improves the lives of everyone it touches.\u00a0<\/span><span style=\"font-size: 1rem\">This personal enhancement and contribution to sustainability is at the heart of our mission.\u00bb<\/span><\/p>\t\t\t\t\t\t\t\t<\/div>\n\t\t\t\t<\/div>\n\t\t\t\t\t<\/div>\n\t\t<\/div>\n\t\t\t\t\t<\/div>\n\t\t<\/section>\n\t\t\t\t<section class=\"elementor-section elementor-top-section elementor-element elementor-element-27af22e elementor-section-height-min-height elementor-section-boxed elementor-section-height-default elementor-section-items-middle\" data-id=\"27af22e\" data-element_type=\"section\" data-e-type=\"section\" data-settings=\"{&quot;background_background&quot;:&quot;classic&quot;}\">\n\t\t\t\t\t\t<div class=\"elementor-container elementor-column-gap-default\">\n\t\t\t\t\t<div class=\"elementor-column elementor-col-100 elementor-top-column elementor-element elementor-element-f02552a\" data-id=\"f02552a\" data-element_type=\"column\" data-e-type=\"column\">\n\t\t\t<div class=\"elementor-widget-wrap elementor-element-populated\">\n\t\t\t\t\t\t<div class=\"elementor-element elementor-element-a495e07 elementor-widget elementor-widget-heading\" data-id=\"a495e07\" data-element_type=\"widget\" data-e-type=\"widget\" data-widget_type=\"heading.default\">\n\t\t\t\t<div class=\"elementor-widget-container\">\n\t\t\t\t\t<h2 class=\"elementor-heading-title elementor-size-default\">Champion\u00b4s philosophy.<\/h2>\t\t\t\t<\/div>\n\t\t\t\t<\/div>\n\t\t\t\t<div class=\"elementor-element elementor-element-82bd8a9 elementor-widget elementor-widget-text-editor\" data-id=\"82bd8a9\" data-element_type=\"widget\" data-e-type=\"widget\" data-widget_type=\"text-editor.default\">\n\t\t\t\t<div class=\"elementor-widget-container\">\n\t\t\t\t\t\t\t\t\t<p><span style=\"font-size: 1rem;\">We are not interested in bringing out cheaper products that will not improve the existing ones, instead, we prefer to improve the existing ones so that they will always be among the best in their category. That is why we focus on making our P1 lights the best in the market.<\/span><\/p>\t\t\t\t\t\t\t\t<\/div>\n\t\t\t\t<\/div>\n\t\t\t\t\t<\/div>\n\t\t<\/div>\n\t\t\t\t\t<\/div>\n\t\t<\/section>\n\t\t\t\t<section class=\"elementor-section elementor-top-section elementor-element elementor-element-6bac49a elementor-section-height-min-height elementor-section-items-top elementor-section-boxed elementor-section-height-default\" data-id=\"6bac49a\" data-element_type=\"section\" data-e-type=\"section\" data-settings=\"{&quot;background_background&quot;:&quot;classic&quot;}\">\n\t\t\t\t\t\t<div class=\"elementor-container elementor-column-gap-default\">\n\t\t\t\t\t<div class=\"elementor-column elementor-col-100 elementor-top-column elementor-element elementor-element-78619e4\" data-id=\"78619e4\" data-element_type=\"column\" data-e-type=\"column\" data-settings=\"{&quot;background_background&quot;:&quot;classic&quot;}\">\n\t\t\t<div class=\"elementor-widget-wrap elementor-element-populated\">\n\t\t\t\t\t\t<div class=\"elementor-element elementor-element-e5bbf6a elementor-widget elementor-widget-heading\" data-id=\"e5bbf6a\" data-element_type=\"widget\" data-e-type=\"widget\" data-widget_type=\"heading.default\">\n\t\t\t\t<div class=\"elementor-widget-container\">\n\t\t\t\t\t<h2 class=\"elementor-heading-title elementor-size-default\">The future of lights.<\/h2>\t\t\t\t<\/div>\n\t\t\t\t<\/div>\n\t\t\t\t<div class=\"elementor-element elementor-element-ef045d4 elementor-widget elementor-widget-text-editor\" data-id=\"ef045d4\" data-element_type=\"widget\" data-e-type=\"widget\" data-widget_type=\"text-editor.default\">\n\t\t\t\t<div class=\"elementor-widget-container\">\n\t\t\t\t\t\t\t\t\t<p class=\"translation-block\"><span style=\"font-size: 1rem\">Daytime running lights significantly increase the visibility of vehicles, thus avoiding potential accidents and <\/span><span style=\"font-size: 1rem\">are so important that it is mandatory for all new cars in Europe to have them as standard. Given its importance, we believe that every cyclist should use this type of light, and for this reason<\/span><span style=\"font-size: 1rem\">\u00a0we have designed our P1 lights, bet on them and focus on improving them and making them more accessible every day.<\/span><\/p>\t\t\t\t\t\t\t\t<\/div>\n\t\t\t\t<\/div>\n\t\t\t\t\t<\/div>\n\t\t<\/div>\n\t\t\t\t\t<\/div>\n\t\t<\/section>\n\t\t\t\t<section class=\"elementor-section elementor-top-section elementor-element elementor-element-d14921e elementor-section-height-min-height elementor-section-items-stretch elementor-section-boxed elementor-section-height-default\" data-id=\"d14921e\" data-element_type=\"section\" data-e-type=\"section\" data-settings=\"{&quot;background_background&quot;:&quot;classic&quot;}\">\n\t\t\t\t\t\t<div class=\"elementor-container elementor-column-gap-default\">\n\t\t\t\t\t<div class=\"elementor-column elementor-col-100 elementor-top-column elementor-element elementor-element-84064fe\" data-id=\"84064fe\" data-element_type=\"column\" data-e-type=\"column\">\n\t\t\t<div class=\"elementor-widget-wrap elementor-element-populated\">\n\t\t\t\t\t\t<div class=\"elementor-element elementor-element-a229708 elementor-widget elementor-widget-heading\" data-id=\"a229708\" data-element_type=\"widget\" data-e-type=\"widget\" data-widget_type=\"heading.default\">\n\t\t\t\t<div class=\"elementor-widget-container\">\n\t\t\t\t\t<h2 class=\"elementor-heading-title elementor-size-default\">By people for people.<\/h2>\t\t\t\t<\/div>\n\t\t\t\t<\/div>\n\t\t\t\t<div class=\"elementor-element elementor-element-be5cdd5 elementor-widget elementor-widget-text-editor\" data-id=\"be5cdd5\" data-element_type=\"widget\" data-e-type=\"widget\" data-widget_type=\"text-editor.default\">\n\t\t\t\t<div class=\"elementor-widget-container\">\n\t\t\t\t\t\t\t\t\t<p><span style=\"font-size: 1rem;\">In every light we design, we look for ways to innovate, squeezing each component to achieve the greatest versatility. We focus on the functional, keeping in mind that they can be used by anyone. We make sure that they are there, discreetly, doing their job in the simplest, safest and most comfortable way possible so that the user simply enjoys the ride.<\/span><\/p>\t\t\t\t\t\t\t\t<\/div>\n\t\t\t\t<\/div>\n\t\t\t\t\t<\/div>\n\t\t<\/div>\n\t\t\t\t\t<\/div>\n\t\t<\/section>\n\t\t\t\t<section class=\"elementor-section elementor-top-section elementor-element elementor-element-941ef6b elementor-section-height-min-height elementor-section-items-stretch elementor-section-boxed elementor-section-height-default\" data-id=\"941ef6b\" data-element_type=\"section\" data-e-type=\"section\" data-settings=\"{&quot;background_background&quot;:&quot;classic&quot;}\">\n\t\t\t\t\t\t<div class=\"elementor-container elementor-column-gap-default\">\n\t\t\t\t\t<div class=\"elementor-column elementor-col-100 elementor-top-column elementor-element elementor-element-63aac58\" data-id=\"63aac58\" data-element_type=\"column\" data-e-type=\"column\">\n\t\t\t<div class=\"elementor-widget-wrap elementor-element-populated\">\n\t\t\t\t\t\t<div class=\"elementor-element elementor-element-d84d171 elementor-widget elementor-widget-heading\" data-id=\"d84d171\" data-element_type=\"widget\" data-e-type=\"widget\" data-widget_type=\"heading.default\">\n\t\t\t\t<div class=\"elementor-widget-container\">\n\t\t\t\t\t<h2 class=\"elementor-heading-title elementor-size-default\">Our roots.<\/h2>\t\t\t\t<\/div>\n\t\t\t\t<\/div>\n\t\t\t\t<div class=\"elementor-element elementor-element-a6e311e elementor-widget elementor-widget-text-editor\" data-id=\"a6e311e\" data-element_type=\"widget\" data-e-type=\"widget\" data-widget_type=\"text-editor.default\">\n\t\t\t\t<div class=\"elementor-widget-container\">\n\t\t\t\t\t\t\t\t\t<p><span style=\"font-size: 1rem;\">We carry out the design, product development and assembly in Spain. In this way<\/span><span style=\"font-size: 1rem;\">\u00a0we manage to control the entire production chain, from the conception of a product to the finished product. Thus, we perform a total control of the quality of our devices, ensuring that each and every one leaves our facilities to perfection.<\/span><\/p>\t\t\t\t\t\t\t\t<\/div>\n\t\t\t\t<\/div>\n\t\t\t\t\t<\/div>\n\t\t<\/div>\n\t\t\t\t\t<\/div>\n\t\t<\/section>\n\t\t\t\t<\/div>","protected":false},"excerpt":{"rendered":"<p>\u00abLa bicicleta es un motor de cambio.\u00a0Desde el transporte hasta la competici\u00f3n, el ciclismo contribuye a la sostenibilidad y mejora la vida de todos los que toca.\u00a0Esta mejora de lo personal y contribuci\u00f3n a la sostenibilidad son el centro de nuestra misi\u00f3n.\u00bb Filosof\u00eda de campeones. No nos interesa sacar productos m\u00e1s econ\u00f3micos que no van [&hellip;]<\/p>\n","protected":false},"author":1,"featured_media":1472,"parent":0,"menu_order":0,"comment_status":"closed","ping_status":"closed","template":"","meta":{"footnotes":""},"class_list":["post-4088","page","type-page","status-publish","has-post-thumbnail","hentry"],"yoast_head":"<!-- This site is optimized with the Yoast SEO plugin v27.4 - https:\/\/yoast.com\/product\/yoast-seo-wordpress\/ -->\n<title>Sobre nosotros<\/title>\n<meta name=\"description\" content=\"&quot;La bicicleta es un motor de cambio.\u00a0Desde el transporte hasta la competici\u00f3n, el ciclismo contribuye a la sostenibilidad y mejora la vida de todos los\" \/>\n<meta name=\"robots\" content=\"index, follow, max-snippet:-1, max-image-preview:large, max-video-preview:-1\" \/>\n<link rel=\"canonical\" href=\"https:\/\/pygomic.com\/en\/sobre-nosotros\/\" \/>\n<meta property=\"og:locale\" content=\"en_GB\" \/>\n<meta property=\"og:type\" content=\"article\" \/>\n<meta property=\"og:title\" content=\"Sobre nosotros\" \/>\n<meta property=\"og:description\" content=\"&quot;La bicicleta es un motor de cambio.\u00a0Desde el transporte hasta la competici\u00f3n, el ciclismo contribuye a la sostenibilidad y mejora la vida de todos los\" \/>\n<meta property=\"og:url\" content=\"https:\/\/pygomic.com\/en\/sobre-nosotros\/\" \/>\n<meta property=\"og:site_name\" content=\"Pygomic\" \/>\n<meta property=\"article:modified_time\" content=\"2022-06-12T15:13:51+00:00\" \/>\n<meta property=\"og:image\" content=\"https:\/\/pygomic.com\/\/wp-content\/uploads\/2020\/05\/Pygomic-P-1.png\" \/>\n\t<meta property=\"og:image:width\" content=\"300\" \/>\n\t<meta property=\"og:image:height\" content=\"300\" \/>\n\t<meta property=\"og:image:type\" content=\"image\/png\" \/>\n<meta name=\"twitter:card\" content=\"summary_large_image\" \/>\n<meta name=\"twitter:label1\" content=\"Estimated reading time\" \/>\n\t<meta name=\"twitter:data1\" content=\"2 minutes\" \/>\n<script type=\"application\/ld+json\" class=\"yoast-schema-graph\">{\"@context\":\"https:\\\/\\\/schema.org\",\"@graph\":[{\"@type\":\"WebPage\",\"@id\":\"https:\\\/\\\/pygomic.com\\\/sobre-nosotros\\\/\",\"url\":\"https:\\\/\\\/pygomic.com\\\/sobre-nosotros\\\/\",\"name\":\"Sobre nosotros\",\"isPartOf\":{\"@id\":\"https:\\\/\\\/pygomic.com\\\/#website\"},\"primaryImageOfPage\":{\"@id\":\"https:\\\/\\\/pygomic.com\\\/sobre-nosotros\\\/#primaryimage\"},\"image\":{\"@id\":\"https:\\\/\\\/pygomic.com\\\/sobre-nosotros\\\/#primaryimage\"},\"thumbnailUrl\":\"https:\\\/\\\/pygomic.com\\\/\\\/wp-content\\\/uploads\\\/2020\\\/05\\\/Pygomic-P-1.png\",\"datePublished\":\"2021-11-10T12:22:51+00:00\",\"dateModified\":\"2022-06-12T15:13:51+00:00\",\"description\":\"\\\"La bicicleta es un motor de cambio.\u00a0Desde el transporte hasta la competici\u00f3n, el ciclismo contribuye a la sostenibilidad y mejora la vida de todos los\",\"breadcrumb\":{\"@id\":\"https:\\\/\\\/pygomic.com\\\/sobre-nosotros\\\/#breadcrumb\"},\"inLanguage\":\"en-GB\",\"potentialAction\":[{\"@type\":\"ReadAction\",\"target\":[\"https:\\\/\\\/pygomic.com\\\/sobre-nosotros\\\/\"]}]},{\"@type\":\"ImageObject\",\"inLanguage\":\"en-GB\",\"@id\":\"https:\\\/\\\/pygomic.com\\\/sobre-nosotros\\\/#primaryimage\",\"url\":\"https:\\\/\\\/pygomic.com\\\/\\\/wp-content\\\/uploads\\\/2020\\\/05\\\/Pygomic-P-1.png\",\"contentUrl\":\"https:\\\/\\\/pygomic.com\\\/\\\/wp-content\\\/uploads\\\/2020\\\/05\\\/Pygomic-P-1.png\",\"width\":300,\"height\":300},{\"@type\":\"BreadcrumbList\",\"@id\":\"https:\\\/\\\/pygomic.com\\\/sobre-nosotros\\\/#breadcrumb\",\"itemListElement\":[{\"@type\":\"ListItem\",\"position\":1,\"name\":\"Portada\",\"item\":\"https:\\\/\\\/pygomic.com\\\/\"},{\"@type\":\"ListItem\",\"position\":2,\"name\":\"Sobre nosotros\"}]},{\"@type\":\"WebSite\",\"@id\":\"https:\\\/\\\/pygomic.com\\\/#website\",\"url\":\"https:\\\/\\\/pygomic.com\\\/\",\"name\":\"Pygomic\",\"description\":\"Technology for everyone\",\"publisher\":{\"@id\":\"https:\\\/\\\/pygomic.com\\\/#organization\"},\"potentialAction\":[{\"@type\":\"SearchAction\",\"target\":{\"@type\":\"EntryPoint\",\"urlTemplate\":\"https:\\\/\\\/pygomic.com\\\/?s={search_term_string}\"},\"query-input\":{\"@type\":\"PropertyValueSpecification\",\"valueRequired\":true,\"valueName\":\"search_term_string\"}}],\"inLanguage\":\"en-GB\"},{\"@type\":\"Organization\",\"@id\":\"https:\\\/\\\/pygomic.com\\\/#organization\",\"name\":\"Pygomic\",\"url\":\"https:\\\/\\\/pygomic.com\\\/\",\"logo\":{\"@type\":\"ImageObject\",\"inLanguage\":\"en-GB\",\"@id\":\"https:\\\/\\\/pygomic.com\\\/#\\\/schema\\\/logo\\\/image\\\/\",\"url\":\"https:\\\/\\\/pygomic.com\\\/wp-content\\\/uploads\\\/2020\\\/05\\\/Logo-web-png.png\",\"contentUrl\":\"https:\\\/\\\/pygomic.com\\\/wp-content\\\/uploads\\\/2020\\\/05\\\/Logo-web-png.png\",\"width\":4138,\"height\":1080,\"caption\":\"Pygomic\"},\"image\":{\"@id\":\"https:\\\/\\\/pygomic.com\\\/#\\\/schema\\\/logo\\\/image\\\/\"}}]}<\/script>\n<!-- \/ Yoast SEO plugin. -->","yoast_head_json":{"title":"About us","description":"\"La bicicleta es un motor de cambio.\u00a0Desde el transporte hasta la competici\u00f3n, el ciclismo contribuye a la sostenibilidad y mejora la vida de todos los","robots":{"index":"index","follow":"follow","max-snippet":"max-snippet:-1","max-image-preview":"max-image-preview:large","max-video-preview":"max-video-preview:-1"},"canonical":"https:\/\/pygomic.com\/en\/sobre-nosotros\/","og_locale":"en_GB","og_type":"article","og_title":"Sobre nosotros","og_description":"\"La bicicleta es un motor de cambio.\u00a0Desde el transporte hasta la competici\u00f3n, el ciclismo contribuye a la sostenibilidad y mejora la vida de todos los","og_url":"https:\/\/pygomic.com\/en\/sobre-nosotros\/","og_site_name":"Pygomic","article_modified_time":"2022-06-12T15:13:51+00:00","og_image":[{"width":300,"height":300,"url":"https:\/\/pygomic.com\/\/wp-content\/uploads\/2020\/05\/Pygomic-P-1.png","type":"image\/png"}],"twitter_card":"summary_large_image","twitter_misc":{"Estimated reading time":"2 minutes"},"schema":{"@context":"https:\/\/schema.org","@graph":[{"@type":"WebPage","@id":"https:\/\/pygomic.com\/sobre-nosotros\/","url":"https:\/\/pygomic.com\/sobre-nosotros\/","name":"About us","isPartOf":{"@id":"https:\/\/pygomic.com\/#website"},"primaryImageOfPage":{"@id":"https:\/\/pygomic.com\/sobre-nosotros\/#primaryimage"},"image":{"@id":"https:\/\/pygomic.com\/sobre-nosotros\/#primaryimage"},"thumbnailUrl":"https:\/\/pygomic.com\/\/wp-content\/uploads\/2020\/05\/Pygomic-P-1.png","datePublished":"2021-11-10T12:22:51+00:00","dateModified":"2022-06-12T15:13:51+00:00","description":"\"La bicicleta es un motor de cambio.\u00a0Desde el transporte hasta la competici\u00f3n, el ciclismo contribuye a la sostenibilidad y mejora la vida de todos los","breadcrumb":{"@id":"https:\/\/pygomic.com\/sobre-nosotros\/#breadcrumb"},"inLanguage":"en-GB","potentialAction":[{"@type":"ReadAction","target":["https:\/\/pygomic.com\/sobre-nosotros\/"]}]},{"@type":"ImageObject","inLanguage":"en-GB","@id":"https:\/\/pygomic.com\/sobre-nosotros\/#primaryimage","url":"https:\/\/pygomic.com\/\/wp-content\/uploads\/2020\/05\/Pygomic-P-1.png","contentUrl":"https:\/\/pygomic.com\/\/wp-content\/uploads\/2020\/05\/Pygomic-P-1.png","width":300,"height":300},{"@type":"BreadcrumbList","@id":"https:\/\/pygomic.com\/sobre-nosotros\/#breadcrumb","itemListElement":[{"@type":"ListItem","position":1,"name":"Portada","item":"https:\/\/pygomic.com\/"},{"@type":"ListItem","position":2,"name":"Sobre nosotros"}]},{"@type":"WebSite","@id":"https:\/\/pygomic.com\/#website","url":"https:\/\/pygomic.com\/","name":"Pygomic","description":"Technology for everyone","publisher":{"@id":"https:\/\/pygomic.com\/#organization"},"potentialAction":[{"@type":"SearchAction","target":{"@type":"EntryPoint","urlTemplate":"https:\/\/pygomic.com\/?s={search_term_string}"},"query-input":{"@type":"PropertyValueSpecification","valueRequired":true,"valueName":"search_term_string"}}],"inLanguage":"en-GB"},{"@type":"Organization","@id":"https:\/\/pygomic.com\/#organization","name":"Pygomic","url":"https:\/\/pygomic.com\/","logo":{"@type":"ImageObject","inLanguage":"en-GB","@id":"https:\/\/pygomic.com\/#\/schema\/logo\/image\/","url":"https:\/\/pygomic.com\/wp-content\/uploads\/2020\/05\/Logo-web-png.png","contentUrl":"https:\/\/pygomic.com\/wp-content\/uploads\/2020\/05\/Logo-web-png.png","width":4138,"height":1080,"caption":"Pygomic"},"image":{"@id":"https:\/\/pygomic.com\/#\/schema\/logo\/image\/"}}]}},"_links":{"self":[{"href":"https:\/\/pygomic.com\/en\/wp-json\/wp\/v2\/pages\/4088","targetHints":{"allow":["GET"]}}],"collection":[{"href":"https:\/\/pygomic.com\/en\/wp-json\/wp\/v2\/pages"}],"about":[{"href":"https:\/\/pygomic.com\/en\/wp-json\/wp\/v2\/types\/page"}],"author":[{"embeddable":true,"href":"https:\/\/pygomic.com\/en\/wp-json\/wp\/v2\/users\/1"}],"replies":[{"embeddable":true,"href":"https:\/\/pygomic.com\/en\/wp-json\/wp\/v2\/comments?post=4088"}],"version-history":[{"count":380,"href":"https:\/\/pygomic.com\/en\/wp-json\/wp\/v2\/pages\/4088\/revisions"}],"predecessor-version":[{"id":5070,"href":"https:\/\/pygomic.com\/en\/wp-json\/wp\/v2\/pages\/4088\/revisions\/5070"}],"wp:featuredmedia":[{"embeddable":true,"href":"https:\/\/pygomic.com\/en\/wp-json\/wp\/v2\/media\/1472"}],"wp:attachment":[{"href":"https:\/\/pygomic.com\/en\/wp-json\/wp\/v2\/media?parent=4088"}],"curies":[{"name":"wp","href":"https:\/\/api.w.org\/{rel}","templated":true}]}}