{"id":54,"date":"2020-04-18T12:13:40","date_gmt":"2020-04-18T12:13:40","guid":{"rendered":"https:\/\/pygomic.com\/?page_id=54"},"modified":"2020-12-07T14:49:58","modified_gmt":"2020-12-07T14:49:58","slug":"soporte","status":"publish","type":"page","link":"https:\/\/pygomic.com\/en\/soporte\/","title":{"rendered":"Support"},"content":{"rendered":"<div data-elementor-type=\"wp-page\" data-elementor-id=\"54\" class=\"elementor elementor-54\" data-elementor-post-type=\"page\">\n\t\t\t\t\t\t<section class=\"elementor-section elementor-top-section elementor-element elementor-element-29576f9 elementor-section-boxed elementor-section-height-default elementor-section-height-default\" data-id=\"29576f9\" data-element_type=\"section\" data-e-type=\"section\">\n\t\t\t\t\t\t<div class=\"elementor-container elementor-column-gap-default\">\n\t\t\t\t\t<div class=\"elementor-column elementor-col-100 elementor-top-column elementor-element elementor-element-0a51a15\" data-id=\"0a51a15\" data-element_type=\"column\" data-e-type=\"column\">\n\t\t\t<div class=\"elementor-widget-wrap elementor-element-populated\">\n\t\t\t\t\t\t<div class=\"elementor-element elementor-element-4ac89ed elementor-widget elementor-widget-heading\" data-id=\"4ac89ed\" data-element_type=\"widget\" data-e-type=\"widget\" data-widget_type=\"heading.default\">\n\t\t\t\t<div class=\"elementor-widget-container\">\n\t\t\t\t\t<h1 class=\"elementor-heading-title elementor-size-default\">Support<\/h1>\t\t\t\t<\/div>\n\t\t\t\t<\/div>\n\t\t\t\t\t<\/div>\n\t\t<\/div>\n\t\t\t\t\t<\/div>\n\t\t<\/section>\n\t\t\t\t<section class=\"elementor-section elementor-top-section elementor-element elementor-element-5bb2743 elementor-section-boxed elementor-section-height-default elementor-section-height-default\" data-id=\"5bb2743\" data-element_type=\"section\" data-e-type=\"section\">\n\t\t\t\t\t\t<div class=\"elementor-container elementor-column-gap-default\">\n\t\t\t\t\t<div class=\"elementor-column elementor-col-100 elementor-top-column elementor-element elementor-element-84f0152\" data-id=\"84f0152\" data-element_type=\"column\" data-e-type=\"column\">\n\t\t\t<div class=\"elementor-widget-wrap elementor-element-populated\">\n\t\t\t\t\t\t<div class=\"elementor-element elementor-element-295fb7e elementor-widget elementor-widget-text-editor\" data-id=\"295fb7e\" data-element_type=\"widget\" data-e-type=\"widget\" data-widget_type=\"text-editor.default\">\n\t\t\t\t<div class=\"elementor-widget-container\">\n\t\t\t\t\t\t\t\t\t<p>A continuaci\u00f3n puede encontrar los datos b\u00e1sicos de este comercio as\u00ed como los t\u00e9rminos y condiciones de nuestra p\u00e1gina en cumplimiento del art\u00edculo 10 de la Ley 34\/202 de servicios de ls Sociedad de la Informaci\u00f3n y Comercio Electr\u00f3nico.<\/p>\t\t\t\t\t\t\t\t<\/div>\n\t\t\t\t<\/div>\n\t\t\t\t\t<\/div>\n\t\t<\/div>\n\t\t\t\t\t<\/div>\n\t\t<\/section>\n\t\t\t\t<section class=\"elementor-section elementor-top-section elementor-element elementor-element-8e6ef09 elementor-section-boxed elementor-section-height-default elementor-section-height-default\" data-id=\"8e6ef09\" data-element_type=\"section\" data-e-type=\"section\">\n\t\t\t\t\t\t<div class=\"elementor-container elementor-column-gap-default\">\n\t\t\t\t\t<div class=\"elementor-column elementor-col-100 elementor-top-column elementor-element elementor-element-0a05eb1\" data-id=\"0a05eb1\" data-element_type=\"column\" data-e-type=\"column\">\n\t\t\t<div class=\"elementor-widget-wrap elementor-element-populated\">\n\t\t\t\t\t\t<div class=\"elementor-element elementor-element-9edbc83 elementor-widget elementor-widget-heading\" data-id=\"9edbc83\" data-element_type=\"widget\" data-e-type=\"widget\" data-widget_type=\"heading.default\">\n\t\t\t\t<div class=\"elementor-widget-container\">\n\t\t\t\t\t<h2 class=\"elementor-heading-title elementor-size-default\"><a href=\"https:\/\/pygomic.com\/en\/politica-de-cookies\/\">Cookies policy<\/a><\/h2>\t\t\t\t<\/div>\n\t\t\t\t<\/div>\n\t\t\t\t\t<\/div>\n\t\t<\/div>\n\t\t\t\t\t<\/div>\n\t\t<\/section>\n\t\t\t\t<section class=\"elementor-section elementor-top-section elementor-element elementor-element-321b73d elementor-section-boxed elementor-section-height-default elementor-section-height-default\" data-id=\"321b73d\" data-element_type=\"section\" data-e-type=\"section\">\n\t\t\t\t\t\t<div class=\"elementor-container elementor-column-gap-default\">\n\t\t\t\t\t<div class=\"elementor-column elementor-col-100 elementor-top-column elementor-element elementor-element-29df755\" data-id=\"29df755\" data-element_type=\"column\" data-e-type=\"column\">\n\t\t\t<div class=\"elementor-widget-wrap elementor-element-populated\">\n\t\t\t\t\t\t<div class=\"elementor-element elementor-element-d0647dc elementor-widget elementor-widget-heading\" data-id=\"d0647dc\" data-element_type=\"widget\" data-e-type=\"widget\" data-widget_type=\"heading.default\">\n\t\t\t\t<div class=\"elementor-widget-container\">\n\t\t\t\t\t<h2 class=\"elementor-heading-title elementor-size-default\"><a href=\"https:\/\/pygomic.com\/en\/condiciones-generales\/\">General terms<\/a><\/h2>\t\t\t\t<\/div>\n\t\t\t\t<\/div>\n\t\t\t\t\t<\/div>\n\t\t<\/div>\n\t\t\t\t\t<\/div>\n\t\t<\/section>\n\t\t\t\t<section class=\"elementor-section elementor-top-section elementor-element elementor-element-5911508 elementor-section-boxed elementor-section-height-default elementor-section-height-default\" data-id=\"5911508\" data-element_type=\"section\" data-e-type=\"section\">\n\t\t\t\t\t\t<div class=\"elementor-container elementor-column-gap-default\">\n\t\t\t\t\t<div class=\"elementor-column elementor-col-100 elementor-top-column elementor-element elementor-element-e4da972\" data-id=\"e4da972\" data-element_type=\"column\" data-e-type=\"column\">\n\t\t\t<div class=\"elementor-widget-wrap elementor-element-populated\">\n\t\t\t\t\t\t<div class=\"elementor-element elementor-element-256ec85 elementor-widget elementor-widget-heading\" data-id=\"256ec85\" data-element_type=\"widget\" data-e-type=\"widget\" data-widget_type=\"heading.default\">\n\t\t\t\t<div class=\"elementor-widget-container\">\n\t\t\t\t\t<h2 class=\"elementor-heading-title elementor-size-default\"><a href=\"https:\/\/pygomic.com\/en\/reparacion-garantia-devolucion\/\">Reparaci\u00f3nes, garant\u00eda y devoluciones<\/a><\/h2>\t\t\t\t<\/div>\n\t\t\t\t<\/div>\n\t\t\t\t\t<\/div>\n\t\t<\/div>\n\t\t\t\t\t<\/div>\n\t\t<\/section>\n\t\t\t\t<section class=\"elementor-section elementor-top-section elementor-element elementor-element-33b13cd elementor-section-boxed elementor-section-height-default elementor-section-height-default\" data-id=\"33b13cd\" data-element_type=\"section\" data-e-type=\"section\">\n\t\t\t\t\t\t<div class=\"elementor-container elementor-column-gap-default\">\n\t\t\t\t\t<div class=\"elementor-column elementor-col-100 elementor-top-column elementor-element elementor-element-db0771f\" data-id=\"db0771f\" data-element_type=\"column\" data-e-type=\"column\">\n\t\t\t<div class=\"elementor-widget-wrap elementor-element-populated\">\n\t\t\t\t\t\t<div class=\"elementor-element elementor-element-64288b1 elementor-widget elementor-widget-heading\" data-id=\"64288b1\" data-element_type=\"widget\" data-e-type=\"widget\" data-widget_type=\"heading.default\">\n\t\t\t\t<div class=\"elementor-widget-container\">\n\t\t\t\t\t<h2 class=\"elementor-heading-title elementor-size-default\"><a href=\"https:\/\/pygomic.com\/en\/politica-de-privacidad\/\">Privacy policy<\/a><\/h2>\t\t\t\t<\/div>\n\t\t\t\t<\/div>\n\t\t\t\t\t<\/div>\n\t\t<\/div>\n\t\t\t\t\t<\/div>\n\t\t<\/section>\n\t\t\t\t<\/div>","protected":false},"excerpt":{"rendered":"<p>Soporte A continuaci\u00f3n puede encontrar los datos b\u00e1sicos de este comercio as\u00ed como los t\u00e9rminos y condiciones de nuestra p\u00e1gina en cumplimiento del art\u00edculo 10 de la Ley 34\/202 de servicios de ls Sociedad de la Informaci\u00f3n y Comercio Electr\u00f3nico. Pol\u00edtica de cookies Condiciones generales Reparaci\u00f3nes, garant\u00eda y devoluciones Pol\u00edtica de privacidad<\/p>","protected":false},"author":1,"featured_media":0,"parent":0,"menu_order":0,"comment_status":"closed","ping_status":"closed","template":"","meta":{"footnotes":""},"class_list":["post-54","page","type-page","status-publish","hentry"],"yoast_head":"<!-- This site is optimized with the Yoast SEO plugin v27.5 - https:\/\/yoast.com\/product\/yoast-seo-wordpress\/ -->\n<title>Soporte<\/title>\n<meta name=\"description\" content=\"Soporte A continuaci\u00f3n puede encontrar los datos b\u00e1sicos de este comercio as\u00ed como los t\u00e9rminos y condiciones de nuestra p\u00e1gina en cumplimiento del\" \/>\n<meta name=\"robots\" content=\"index, follow, max-snippet:-1, max-image-preview:large, max-video-preview:-1\" \/>\n<link rel=\"canonical\" href=\"https:\/\/pygomic.com\/en\/soporte\/\" \/>\n<meta property=\"og:locale\" content=\"en_GB\" \/>\n<meta property=\"og:type\" content=\"article\" \/>\n<meta property=\"og:title\" content=\"Soporte\" \/>\n<meta property=\"og:description\" content=\"Soporte A continuaci\u00f3n puede encontrar los datos b\u00e1sicos de este comercio as\u00ed como los t\u00e9rminos y condiciones de nuestra p\u00e1gina en cumplimiento del\" \/>\n<meta property=\"og:url\" content=\"https:\/\/pygomic.com\/en\/soporte\/\" \/>\n<meta property=\"og:site_name\" content=\"Pygomic\" \/>\n<meta property=\"article:modified_time\" content=\"2020-12-07T14:49:58+00:00\" \/>\n<meta name=\"twitter:card\" content=\"summary_large_image\" \/>\n<script type=\"application\/ld+json\" class=\"yoast-schema-graph\">{\"@context\":\"https:\\\/\\\/schema.org\",\"@graph\":[{\"@type\":\"WebPage\",\"@id\":\"https:\\\/\\\/pygomic.com\\\/soporte\\\/\",\"url\":\"https:\\\/\\\/pygomic.com\\\/soporte\\\/\",\"name\":\"Soporte\",\"isPartOf\":{\"@id\":\"https:\\\/\\\/pygomic.com\\\/#website\"},\"datePublished\":\"2020-04-18T12:13:40+00:00\",\"dateModified\":\"2020-12-07T14:49:58+00:00\",\"description\":\"Soporte A continuaci\u00f3n puede encontrar los datos b\u00e1sicos de este comercio as\u00ed como los t\u00e9rminos y condiciones de nuestra p\u00e1gina en cumplimiento del\",\"breadcrumb\":{\"@id\":\"https:\\\/\\\/pygomic.com\\\/soporte\\\/#breadcrumb\"},\"inLanguage\":\"en-GB\",\"potentialAction\":[{\"@type\":\"ReadAction\",\"target\":[\"https:\\\/\\\/pygomic.com\\\/soporte\\\/\"]}]},{\"@type\":\"BreadcrumbList\",\"@id\":\"https:\\\/\\\/pygomic.com\\\/soporte\\\/#breadcrumb\",\"itemListElement\":[{\"@type\":\"ListItem\",\"position\":1,\"name\":\"Portada\",\"item\":\"https:\\\/\\\/pygomic.com\\\/\"},{\"@type\":\"ListItem\",\"position\":2,\"name\":\"Soporte\"}]},{\"@type\":\"WebSite\",\"@id\":\"https:\\\/\\\/pygomic.com\\\/#website\",\"url\":\"https:\\\/\\\/pygomic.com\\\/\",\"name\":\"Pygomic\",\"description\":\"Technology for everyone\",\"publisher\":{\"@id\":\"https:\\\/\\\/pygomic.com\\\/#organization\"},\"potentialAction\":[{\"@type\":\"SearchAction\",\"target\":{\"@type\":\"EntryPoint\",\"urlTemplate\":\"https:\\\/\\\/pygomic.com\\\/?s={search_term_string}\"},\"query-input\":{\"@type\":\"PropertyValueSpecification\",\"valueRequired\":true,\"valueName\":\"search_term_string\"}}],\"inLanguage\":\"en-GB\"},{\"@type\":\"Organization\",\"@id\":\"https:\\\/\\\/pygomic.com\\\/#organization\",\"name\":\"Pygomic\",\"url\":\"https:\\\/\\\/pygomic.com\\\/\",\"logo\":{\"@type\":\"ImageObject\",\"inLanguage\":\"en-GB\",\"@id\":\"https:\\\/\\\/pygomic.com\\\/#\\\/schema\\\/logo\\\/image\\\/\",\"url\":\"https:\\\/\\\/pygomic.com\\\/wp-content\\\/uploads\\\/2020\\\/05\\\/Logo-web-png.png\",\"contentUrl\":\"https:\\\/\\\/pygomic.com\\\/wp-content\\\/uploads\\\/2020\\\/05\\\/Logo-web-png.png\",\"width\":4138,\"height\":1080,\"caption\":\"Pygomic\"},\"image\":{\"@id\":\"https:\\\/\\\/pygomic.com\\\/#\\\/schema\\\/logo\\\/image\\\/\"}}]}<\/script>\n<!-- \/ Yoast SEO plugin. -->","yoast_head_json":{"title":"Support","description":"Soporte A continuaci\u00f3n puede encontrar los datos b\u00e1sicos de este comercio as\u00ed como los t\u00e9rminos y condiciones de nuestra p\u00e1gina en cumplimiento del","robots":{"index":"index","follow":"follow","max-snippet":"max-snippet:-1","max-image-preview":"max-image-preview:large","max-video-preview":"max-video-preview:-1"},"canonical":"https:\/\/pygomic.com\/en\/soporte\/","og_locale":"en_GB","og_type":"article","og_title":"Soporte","og_description":"Soporte A continuaci\u00f3n puede encontrar los datos b\u00e1sicos de este comercio as\u00ed como los t\u00e9rminos y condiciones de nuestra p\u00e1gina en cumplimiento del","og_url":"https:\/\/pygomic.com\/en\/soporte\/","og_site_name":"Pygomic","article_modified_time":"2020-12-07T14:49:58+00:00","twitter_card":"summary_large_image","schema":{"@context":"https:\/\/schema.org","@graph":[{"@type":"WebPage","@id":"https:\/\/pygomic.com\/soporte\/","url":"https:\/\/pygomic.com\/soporte\/","name":"Support","isPartOf":{"@id":"https:\/\/pygomic.com\/#website"},"datePublished":"2020-04-18T12:13:40+00:00","dateModified":"2020-12-07T14:49:58+00:00","description":"Soporte A continuaci\u00f3n puede encontrar los datos b\u00e1sicos de este comercio as\u00ed como los t\u00e9rminos y condiciones de nuestra p\u00e1gina en cumplimiento del","breadcrumb":{"@id":"https:\/\/pygomic.com\/soporte\/#breadcrumb"},"inLanguage":"en-GB","potentialAction":[{"@type":"ReadAction","target":["https:\/\/pygomic.com\/soporte\/"]}]},{"@type":"BreadcrumbList","@id":"https:\/\/pygomic.com\/soporte\/#breadcrumb","itemListElement":[{"@type":"ListItem","position":1,"name":"Portada","item":"https:\/\/pygomic.com\/"},{"@type":"ListItem","position":2,"name":"Soporte"}]},{"@type":"WebSite","@id":"https:\/\/pygomic.com\/#website","url":"https:\/\/pygomic.com\/","name":"Pygomic","description":"Technology for everyone","publisher":{"@id":"https:\/\/pygomic.com\/#organization"},"potentialAction":[{"@type":"SearchAction","target":{"@type":"EntryPoint","urlTemplate":"https:\/\/pygomic.com\/?s={search_term_string}"},"query-input":{"@type":"PropertyValueSpecification","valueRequired":true,"valueName":"search_term_string"}}],"inLanguage":"en-GB"},{"@type":"Organization","@id":"https:\/\/pygomic.com\/#organization","name":"Pygomic","url":"https:\/\/pygomic.com\/","logo":{"@type":"ImageObject","inLanguage":"en-GB","@id":"https:\/\/pygomic.com\/#\/schema\/logo\/image\/","url":"https:\/\/pygomic.com\/wp-content\/uploads\/2020\/05\/Logo-web-png.png","contentUrl":"https:\/\/pygomic.com\/wp-content\/uploads\/2020\/05\/Logo-web-png.png","width":4138,"height":1080,"caption":"Pygomic"},"image":{"@id":"https:\/\/pygomic.com\/#\/schema\/logo\/image\/"}}]}},"_links":{"self":[{"href":"https:\/\/pygomic.com\/en\/wp-json\/wp\/v2\/pages\/54","targetHints":{"allow":["GET"]}}],"collection":[{"href":"https:\/\/pygomic.com\/en\/wp-json\/wp\/v2\/pages"}],"about":[{"href":"https:\/\/pygomic.com\/en\/wp-json\/wp\/v2\/types\/page"}],"author":[{"embeddable":true,"href":"https:\/\/pygomic.com\/en\/wp-json\/wp\/v2\/users\/1"}],"replies":[{"embeddable":true,"href":"https:\/\/pygomic.com\/en\/wp-json\/wp\/v2\/comments?post=54"}],"version-history":[{"count":41,"href":"https:\/\/pygomic.com\/en\/wp-json\/wp\/v2\/pages\/54\/revisions"}],"predecessor-version":[{"id":2293,"href":"https:\/\/pygomic.com\/en\/wp-json\/wp\/v2\/pages\/54\/revisions\/2293"}],"wp:attachment":[{"href":"https:\/\/pygomic.com\/en\/wp-json\/wp\/v2\/media?parent=54"}],"curies":[{"name":"wp","href":"https:\/\/api.w.org\/{rel}","templated":true}]}}