{"id":1564,"date":"2020-11-11T14:06:23","date_gmt":"2020-11-11T12:06:23","guid":{"rendered":"https:\/\/pygomic.com\/?post_type=product&#038;p=1564"},"modified":"2024-11-25T07:48:50","modified_gmt":"2024-11-25T05:48:50","slug":"comprar-p1-r-200","status":"publish","type":"product","link":"https:\/\/pygomic.com\/en\/product\/comprar-p1-r-200\/","title":{"rendered":"P1-R 200"},"content":{"rendered":"<div data-elementor-type=\"product-post\" data-elementor-id=\"1564\" class=\"elementor elementor-1564\" data-elementor-post-type=\"product\">\n\t\t\t\t\t\t<section class=\"elementor-section elementor-top-section elementor-element elementor-element-519899d9 elementor-section-boxed elementor-section-height-default elementor-section-height-default\" data-id=\"519899d9\" data-element_type=\"section\" data-e-type=\"section\">\n\t\t\t\t\t\t<div class=\"elementor-container elementor-column-gap-default\">\n\t\t\t\t\t<div class=\"elementor-column elementor-col-100 elementor-top-column elementor-element elementor-element-b298761\" data-id=\"b298761\" data-element_type=\"column\" data-e-type=\"column\">\n\t\t\t<div class=\"elementor-widget-wrap elementor-element-populated\">\n\t\t\t\t\t\t<div class=\"elementor-element elementor-element-11c1dda8 elementor-widget elementor-widget-text-editor\" data-id=\"11c1dda8\" data-element_type=\"widget\" data-e-type=\"widget\" data-widget_type=\"text-editor.default\">\n\t\t\t\t<div class=\"elementor-widget-container\">\n\t\t\t\t\t\t\t\t\t<ul>\n<li><span style=\"font-size: 16px;\">Working modes: Day steady 65lm (3,5hr), Night steady 10lm (12hr), Day flash plus 200lm (4hr), Day flash 90lm (12hr), Night flash 10lm (30hr).<\/span><\/li>\n<li>Battery save mode \u2013 it is activated automatically when the battery is about to run out and it extends the battery life in one hour.<\/li>\n<li>800mAh rechargeable battery with USB cable. Approximate charging time 2hr.&nbsp;<\/li>\n<li>Battery level indicator.&nbsp;<\/li>\n<li>Visibility - up to 2km even during the day thanks to its power, optic and flash pattern.&nbsp;<\/li>\n<li><span style=\"font-size: 1rem;\">Last mode memory.<\/span><\/li>\n<li>Rain and splash proof.<\/li>\n<li>Light weight: 34gr.<\/li>\n<li>Rubber support weight: 14gr. This support allows to adjust the light tilt.<\/li>\n<li>Under saddle support weight: 4gr.<\/li>\n<li>El producto incluye: Luz P1-R 200, soporte de goma, soporte sill\u00edn, bridas y cable de carga usb.<\/li>\n<\/ul>\t\t\t\t\t\t\t\t<\/div>\n\t\t\t\t<\/div>\n\t\t\t\t\t<\/div>\n\t\t<\/div>\n\t\t\t\t\t<\/div>\n\t\t<\/section>\n\t\t\t\t<\/div>","protected":false},"excerpt":{"rendered":"<p>Dise\u00f1ada y fabricada en Espa\u00f1a, esta luz est\u00e1 concebida para aumentar la visibilidad del ciclista tanto de d\u00eda como de noche gracias a su potencia y \u00f3ptica que la hace visible hasta a 2,2 km de distancia. Adem\u00e1s de su bateria recargable mediante USB, es resistente a lluvia y salpicaduras.<\/p>\n<p>We have upgraded our P1-R with <strong>more power<\/strong> and <strong>included a new under saddle support<\/strong> !<\/p>\n<p>Not sure why you should use daytime running lights yet? Discover why on our <a href=\"https:\/\/pygomic.com\/en\/por-que-usar-luces-diurnas-en-tu-bicicleta\/\">blog<\/a>.<\/p>","protected":false},"featured_media":5058,"comment_status":"open","ping_status":"closed","template":"","meta":[],"product_brand":[],"product_cat":[77],"product_tag":[82],"class_list":{"0":"post-1564","1":"product","2":"type-product","3":"status-publish","4":"has-post-thumbnail","6":"product_cat-luz-bicicleta-diurna","7":"product_tag-roja-trasera-potente","8":"product_shipping_class-nacional","10":"first","11":"outofstock","12":"shipping-taxable","13":"purchasable","14":"product-type-simple"},"yoast_head":"<!-- This site is optimized with the Yoast SEO plugin v27.5 - https:\/\/yoast.com\/product\/yoast-seo-wordpress\/ -->\n<title>P1-R 200 - Pygomic<\/title>\n<meta name=\"description\" content=\"S\u00e9 visto con la luz trasera de bicicleta Pygomic P1-F. Alta potencia y visibilidad tanto de d\u00eda como de noche en tus rutas y entrenos.\" \/>\n<meta name=\"robots\" content=\"index, follow, max-snippet:-1, max-image-preview:large, max-video-preview:-1\" \/>\n<link rel=\"canonical\" href=\"https:\/\/pygomic.com\/en\/product\/comprar-p1-r-200\/\" \/>\n<meta property=\"og:locale\" content=\"en_GB\" \/>\n<meta property=\"og:type\" content=\"article\" \/>\n<meta property=\"og:title\" content=\"P1-R 200 - Pygomic\" \/>\n<meta property=\"og:description\" content=\"S\u00e9 visto con la luz trasera de bicicleta Pygomic P1-F. Alta potencia y visibilidad tanto de d\u00eda como de noche en tus rutas y entrenos.\" \/>\n<meta property=\"og:url\" content=\"https:\/\/pygomic.com\/en\/product\/comprar-p1-r-200\/\" \/>\n<meta property=\"og:site_name\" content=\"Pygomic\" \/>\n<meta property=\"article:modified_time\" content=\"2024-11-25T05:48:50+00:00\" \/>\n<meta property=\"og:image\" content=\"https:\/\/pygomic.com\/\/wp-content\/uploads\/2022\/06\/Roja-girada-derecho-0242.webp\" \/>\n\t<meta property=\"og:image:width\" content=\"1350\" \/>\n\t<meta property=\"og:image:height\" content=\"900\" \/>\n\t<meta property=\"og:image:type\" content=\"image\/webp\" \/>\n<meta name=\"twitter:card\" content=\"summary_large_image\" \/>\n<script type=\"application\/ld+json\" class=\"yoast-schema-graph\">{\"@context\":\"https:\\\/\\\/schema.org\",\"@graph\":[{\"@type\":\"WebPage\",\"@id\":\"https:\\\/\\\/pygomic.com\\\/producto\\\/comprar-p1-r-200\\\/\",\"url\":\"https:\\\/\\\/pygomic.com\\\/producto\\\/comprar-p1-r-200\\\/\",\"name\":\"P1-R 200 - Pygomic\",\"isPartOf\":{\"@id\":\"https:\\\/\\\/pygomic.com\\\/#website\"},\"primaryImageOfPage\":{\"@id\":\"https:\\\/\\\/pygomic.com\\\/producto\\\/comprar-p1-r-200\\\/#primaryimage\"},\"image\":{\"@id\":\"https:\\\/\\\/pygomic.com\\\/producto\\\/comprar-p1-r-200\\\/#primaryimage\"},\"thumbnailUrl\":\"https:\\\/\\\/pygomic.com\\\/\\\/wp-content\\\/uploads\\\/2022\\\/06\\\/Roja-girada-derecho-0242.webp\",\"datePublished\":\"2020-11-11T12:06:23+00:00\",\"dateModified\":\"2024-11-25T05:48:50+00:00\",\"description\":\"S\u00e9 visto con la luz trasera de bicicleta Pygomic P1-F. Alta potencia y visibilidad tanto de d\u00eda como de noche en tus rutas y entrenos.\",\"breadcrumb\":{\"@id\":\"https:\\\/\\\/pygomic.com\\\/producto\\\/comprar-p1-r-200\\\/#breadcrumb\"},\"inLanguage\":\"en-GB\",\"potentialAction\":[{\"@type\":\"ReadAction\",\"target\":[\"https:\\\/\\\/pygomic.com\\\/producto\\\/comprar-p1-r-200\\\/\"]}]},{\"@type\":\"ImageObject\",\"inLanguage\":\"en-GB\",\"@id\":\"https:\\\/\\\/pygomic.com\\\/producto\\\/comprar-p1-r-200\\\/#primaryimage\",\"url\":\"https:\\\/\\\/pygomic.com\\\/\\\/wp-content\\\/uploads\\\/2022\\\/06\\\/Roja-girada-derecho-0242.webp\",\"contentUrl\":\"https:\\\/\\\/pygomic.com\\\/\\\/wp-content\\\/uploads\\\/2022\\\/06\\\/Roja-girada-derecho-0242.webp\",\"width\":1350,\"height\":900},{\"@type\":\"BreadcrumbList\",\"@id\":\"https:\\\/\\\/pygomic.com\\\/producto\\\/comprar-p1-r-200\\\/#breadcrumb\",\"itemListElement\":[{\"@type\":\"ListItem\",\"position\":1,\"name\":\"Portada\",\"item\":\"https:\\\/\\\/pygomic.com\\\/\"},{\"@type\":\"ListItem\",\"position\":2,\"name\":\"Tienda\",\"item\":\"https:\\\/\\\/pygomic.com\\\/tienda\\\/\"},{\"@type\":\"ListItem\",\"position\":3,\"name\":\"P1-R 200\"}]},{\"@type\":\"WebSite\",\"@id\":\"https:\\\/\\\/pygomic.com\\\/#website\",\"url\":\"https:\\\/\\\/pygomic.com\\\/\",\"name\":\"Pygomic\",\"description\":\"Technology for everyone\",\"publisher\":{\"@id\":\"https:\\\/\\\/pygomic.com\\\/#organization\"},\"potentialAction\":[{\"@type\":\"SearchAction\",\"target\":{\"@type\":\"EntryPoint\",\"urlTemplate\":\"https:\\\/\\\/pygomic.com\\\/?s={search_term_string}\"},\"query-input\":{\"@type\":\"PropertyValueSpecification\",\"valueRequired\":true,\"valueName\":\"search_term_string\"}}],\"inLanguage\":\"en-GB\"},{\"@type\":\"Organization\",\"@id\":\"https:\\\/\\\/pygomic.com\\\/#organization\",\"name\":\"Pygomic\",\"url\":\"https:\\\/\\\/pygomic.com\\\/\",\"logo\":{\"@type\":\"ImageObject\",\"inLanguage\":\"en-GB\",\"@id\":\"https:\\\/\\\/pygomic.com\\\/#\\\/schema\\\/logo\\\/image\\\/\",\"url\":\"https:\\\/\\\/pygomic.com\\\/wp-content\\\/uploads\\\/2020\\\/05\\\/Logo-web-png.png\",\"contentUrl\":\"https:\\\/\\\/pygomic.com\\\/wp-content\\\/uploads\\\/2020\\\/05\\\/Logo-web-png.png\",\"width\":4138,\"height\":1080,\"caption\":\"Pygomic\"},\"image\":{\"@id\":\"https:\\\/\\\/pygomic.com\\\/#\\\/schema\\\/logo\\\/image\\\/\"}}]}<\/script>\n<!-- \/ Yoast SEO plugin. -->","yoast_head_json":{"title":"P1-R 200 - Pygomic","description":"S\u00e9 visto con la luz trasera de bicicleta Pygomic P1-F. Alta potencia y visibilidad tanto de d\u00eda como de noche en tus rutas y entrenos.","robots":{"index":"index","follow":"follow","max-snippet":"max-snippet:-1","max-image-preview":"max-image-preview:large","max-video-preview":"max-video-preview:-1"},"canonical":"https:\/\/pygomic.com\/en\/product\/comprar-p1-r-200\/","og_locale":"en_GB","og_type":"article","og_title":"P1-R 200 - Pygomic","og_description":"S\u00e9 visto con la luz trasera de bicicleta Pygomic P1-F. Alta potencia y visibilidad tanto de d\u00eda como de noche en tus rutas y entrenos.","og_url":"https:\/\/pygomic.com\/en\/product\/comprar-p1-r-200\/","og_site_name":"Pygomic","article_modified_time":"2024-11-25T05:48:50+00:00","og_image":[{"width":1350,"height":900,"url":"https:\/\/pygomic.com\/\/wp-content\/uploads\/2022\/06\/Roja-girada-derecho-0242.webp","type":"image\/webp"}],"twitter_card":"summary_large_image","schema":{"@context":"https:\/\/schema.org","@graph":[{"@type":"WebPage","@id":"https:\/\/pygomic.com\/producto\/comprar-p1-r-200\/","url":"https:\/\/pygomic.com\/producto\/comprar-p1-r-200\/","name":"P1-R 200 - Pygomic","isPartOf":{"@id":"https:\/\/pygomic.com\/#website"},"primaryImageOfPage":{"@id":"https:\/\/pygomic.com\/producto\/comprar-p1-r-200\/#primaryimage"},"image":{"@id":"https:\/\/pygomic.com\/producto\/comprar-p1-r-200\/#primaryimage"},"thumbnailUrl":"https:\/\/pygomic.com\/\/wp-content\/uploads\/2022\/06\/Roja-girada-derecho-0242.webp","datePublished":"2020-11-11T12:06:23+00:00","dateModified":"2024-11-25T05:48:50+00:00","description":"S\u00e9 visto con la luz trasera de bicicleta Pygomic P1-F. Alta potencia y visibilidad tanto de d\u00eda como de noche en tus rutas y entrenos.","breadcrumb":{"@id":"https:\/\/pygomic.com\/producto\/comprar-p1-r-200\/#breadcrumb"},"inLanguage":"en-GB","potentialAction":[{"@type":"ReadAction","target":["https:\/\/pygomic.com\/producto\/comprar-p1-r-200\/"]}]},{"@type":"ImageObject","inLanguage":"en-GB","@id":"https:\/\/pygomic.com\/producto\/comprar-p1-r-200\/#primaryimage","url":"https:\/\/pygomic.com\/\/wp-content\/uploads\/2022\/06\/Roja-girada-derecho-0242.webp","contentUrl":"https:\/\/pygomic.com\/\/wp-content\/uploads\/2022\/06\/Roja-girada-derecho-0242.webp","width":1350,"height":900},{"@type":"BreadcrumbList","@id":"https:\/\/pygomic.com\/producto\/comprar-p1-r-200\/#breadcrumb","itemListElement":[{"@type":"ListItem","position":1,"name":"Portada","item":"https:\/\/pygomic.com\/"},{"@type":"ListItem","position":2,"name":"Tienda","item":"https:\/\/pygomic.com\/tienda\/"},{"@type":"ListItem","position":3,"name":"P1-R 200"}]},{"@type":"WebSite","@id":"https:\/\/pygomic.com\/#website","url":"https:\/\/pygomic.com\/","name":"Pygomic","description":"Technology for everyone","publisher":{"@id":"https:\/\/pygomic.com\/#organization"},"potentialAction":[{"@type":"SearchAction","target":{"@type":"EntryPoint","urlTemplate":"https:\/\/pygomic.com\/?s={search_term_string}"},"query-input":{"@type":"PropertyValueSpecification","valueRequired":true,"valueName":"search_term_string"}}],"inLanguage":"en-GB"},{"@type":"Organization","@id":"https:\/\/pygomic.com\/#organization","name":"Pygomic","url":"https:\/\/pygomic.com\/","logo":{"@type":"ImageObject","inLanguage":"en-GB","@id":"https:\/\/pygomic.com\/#\/schema\/logo\/image\/","url":"https:\/\/pygomic.com\/wp-content\/uploads\/2020\/05\/Logo-web-png.png","contentUrl":"https:\/\/pygomic.com\/wp-content\/uploads\/2020\/05\/Logo-web-png.png","width":4138,"height":1080,"caption":"Pygomic"},"image":{"@id":"https:\/\/pygomic.com\/#\/schema\/logo\/image\/"}}]}},"_links":{"self":[{"href":"https:\/\/pygomic.com\/en\/wp-json\/wp\/v2\/product\/1564","targetHints":{"allow":["GET"]}}],"collection":[{"href":"https:\/\/pygomic.com\/en\/wp-json\/wp\/v2\/product"}],"about":[{"href":"https:\/\/pygomic.com\/en\/wp-json\/wp\/v2\/types\/product"}],"replies":[{"embeddable":true,"href":"https:\/\/pygomic.com\/en\/wp-json\/wp\/v2\/comments?post=1564"}],"version-history":[{"count":65,"href":"https:\/\/pygomic.com\/en\/wp-json\/wp\/v2\/product\/1564\/revisions"}],"predecessor-version":[{"id":5247,"href":"https:\/\/pygomic.com\/en\/wp-json\/wp\/v2\/product\/1564\/revisions\/5247"}],"wp:featuredmedia":[{"embeddable":true,"href":"https:\/\/pygomic.com\/en\/wp-json\/wp\/v2\/media\/5058"}],"wp:attachment":[{"href":"https:\/\/pygomic.com\/en\/wp-json\/wp\/v2\/media?parent=1564"}],"wp:term":[{"taxonomy":"product_brand","embeddable":true,"href":"https:\/\/pygomic.com\/en\/wp-json\/wp\/v2\/product_brand?post=1564"},{"taxonomy":"product_cat","embeddable":true,"href":"https:\/\/pygomic.com\/en\/wp-json\/wp\/v2\/product_cat?post=1564"},{"taxonomy":"product_tag","embeddable":true,"href":"https:\/\/pygomic.com\/en\/wp-json\/wp\/v2\/product_tag?post=1564"}],"curies":[{"name":"wp","href":"https:\/\/api.w.org\/{rel}","templated":true}]}}