{"id":35,"date":"2020-04-17T16:39:48","date_gmt":"2020-04-17T14:39:48","guid":{"rendered":"https:\/\/pygomic.com\/?post_type=product&#038;p=35"},"modified":"2024-11-25T07:49:06","modified_gmt":"2024-11-25T05:49:06","slug":"comprar-p1-f-200","status":"publish","type":"product","link":"https:\/\/pygomic.com\/en\/product\/comprar-p1-f-200\/","title":{"rendered":"P1-F 200"},"content":{"rendered":"<div data-elementor-type=\"product-post\" data-elementor-id=\"35\" class=\"elementor elementor-35\" data-elementor-post-type=\"product\">\n\t\t\t\t\t\t<section class=\"elementor-section elementor-top-section elementor-element elementor-element-29c16d7d elementor-section-boxed elementor-section-height-default elementor-section-height-default\" data-id=\"29c16d7d\" data-element_type=\"section\" data-e-type=\"section\">\n\t\t\t\t\t\t<div class=\"elementor-container elementor-column-gap-default\">\n\t\t\t\t\t<div class=\"elementor-column elementor-col-100 elementor-top-column elementor-element elementor-element-7411cd4c\" data-id=\"7411cd4c\" data-element_type=\"column\" data-e-type=\"column\">\n\t\t\t<div class=\"elementor-widget-wrap elementor-element-populated\">\n\t\t\t\t\t\t<div class=\"elementor-element elementor-element-3fb36cda elementor-widget elementor-widget-text-editor\" data-id=\"3fb36cda\" data-element_type=\"widget\" data-e-type=\"widget\" data-widget_type=\"text-editor.default\">\n\t\t\t\t<div class=\"elementor-widget-container\">\n\t\t\t\t\t\t\t\t\t<ul>\n<li><span style=\"font-size: 16px;\">Modos de funcionamiento &#8211; Fijo de d\u00eda plus 200lm (2hr), Fijo de d\u00eda 100lm (5,5hr), Fijo de noche 30lm (24hr), Flash d\u00eda 140lm (13hr), Flash noche 30lm (120hr).<\/span><\/li>\n<li>Battery save mode \u2013 it is activated automatically when the battery is about to run out and it extends the battery life in one hour.<\/li>\n<li style=\"font-size: 16px;\">800mAh rechargeable battery with USB cable. Approximate charging time 2hr.<\/li>\n<li style=\"font-size: 16px;\">Battery level indicator.<\/li>\n<li>Visibility - up to 2km even during the day thanks to its power, optic and flash pattern.<\/li>\n<li><span style=\"font-size: 1rem;\">Last mode memory.<\/span><\/li>\n<li>Rain and splash proof.<\/li>\n<li>Light weight: 34gr.<\/li>\n<li>Rubber support weight: 14gr. This support allows to adjust the light tilt.<\/li>\n<li>Under GPS support weight: 3gr.<\/li>\n<li>In the box: P1-F 150, rubber support, saddle support, zip ties, USB cable and user\u00b4s manual.<\/li>\n<\/ul>\t\t\t\t\t\t\t\t<\/div>\n\t\t\t\t<\/div>\n\t\t\t\t\t<\/div>\n\t\t<\/div>\n\t\t\t\t\t<\/div>\n\t\t<\/section>\n\t\t\t\t<\/div>","protected":false},"excerpt":{"rendered":"<p>Dise\u00f1ada y fabricada en Espa\u00f1a, esta luz est\u00e1 concebida para aumentar la visibilidad del ciclista tanto de d\u00eda como de noche gracias a su potencia y \u00f3ptica que la hace visible hasta a 2,2 km de distancia. Adem\u00e1s de su bateria recargable mediante USB, es resistente a lluvia y salpicaduras.<\/p>\n<p>We have upgraded our P1-F with <strong>more power<\/strong> and <strong>included a new under GPS support<\/strong>\u00a0!<\/p>\n<p>Not sure why you should use daytime running lights yet? Discover why on our\u00a0<a href=\"https:\/\/pygomic.com\/en\/por-que-usar-luces-diurnas-en-tu-bicicleta\/\">blog<\/a>.<\/p>","protected":false},"featured_media":5060,"comment_status":"open","ping_status":"closed","template":"","meta":[],"product_brand":[],"product_cat":[77],"product_tag":[83],"class_list":{"0":"post-35","1":"product","2":"type-product","3":"status-publish","4":"has-post-thumbnail","6":"product_cat-luz-bicicleta-diurna","7":"product_tag-blanca-frontal-delantera-potente","8":"product_shipping_class-nacional","10":"first","11":"outofstock","12":"shipping-taxable","13":"purchasable","14":"product-type-simple"},"yoast_head":"<!-- This site is optimized with the Yoast SEO plugin v27.5 - https:\/\/yoast.com\/product\/yoast-seo-wordpress\/ -->\n<title>P1-F 200 - Pygomic<\/title>\n<meta name=\"description\" content=\"V\u00e9 y s\u00e9 visto con la luz delantera Pygomic P1-F. Alta potencia y visibilidad tanto de d\u00eda como de noche en tus rutas y entrenos.\" \/>\n<meta name=\"robots\" content=\"index, follow, max-snippet:-1, max-image-preview:large, max-video-preview:-1\" \/>\n<link rel=\"canonical\" href=\"https:\/\/pygomic.com\/en\/product\/comprar-p1-f-200\/\" \/>\n<meta property=\"og:locale\" content=\"en_GB\" \/>\n<meta property=\"og:type\" content=\"article\" \/>\n<meta property=\"og:title\" content=\"P1-F 200 - Pygomic\" \/>\n<meta property=\"og:description\" content=\"V\u00e9 y s\u00e9 visto con la luz delantera Pygomic P1-F. Alta potencia y visibilidad tanto de d\u00eda como de noche en tus rutas y entrenos.\" \/>\n<meta property=\"og:url\" content=\"https:\/\/pygomic.com\/en\/product\/comprar-p1-f-200\/\" \/>\n<meta property=\"og:site_name\" content=\"Pygomic\" \/>\n<meta property=\"article:modified_time\" content=\"2024-11-25T05:49:06+00:00\" \/>\n<meta property=\"og:image\" content=\"https:\/\/pygomic.com\/\/wp-content\/uploads\/2022\/06\/Blanca-girada-derecho-0286-2.webp\" \/>\n\t<meta property=\"og:image:width\" content=\"1350\" \/>\n\t<meta property=\"og:image:height\" content=\"900\" \/>\n\t<meta property=\"og:image:type\" content=\"image\/webp\" \/>\n<meta name=\"twitter:card\" content=\"summary_large_image\" \/>\n<script type=\"application\/ld+json\" class=\"yoast-schema-graph\">{\"@context\":\"https:\\\/\\\/schema.org\",\"@graph\":[{\"@type\":\"WebPage\",\"@id\":\"https:\\\/\\\/pygomic.com\\\/producto\\\/comprar-p1-f-200\\\/\",\"url\":\"https:\\\/\\\/pygomic.com\\\/producto\\\/comprar-p1-f-200\\\/\",\"name\":\"P1-F 200 - Pygomic\",\"isPartOf\":{\"@id\":\"https:\\\/\\\/pygomic.com\\\/#website\"},\"primaryImageOfPage\":{\"@id\":\"https:\\\/\\\/pygomic.com\\\/producto\\\/comprar-p1-f-200\\\/#primaryimage\"},\"image\":{\"@id\":\"https:\\\/\\\/pygomic.com\\\/producto\\\/comprar-p1-f-200\\\/#primaryimage\"},\"thumbnailUrl\":\"https:\\\/\\\/pygomic.com\\\/\\\/wp-content\\\/uploads\\\/2022\\\/06\\\/Blanca-girada-derecho-0286-2.webp\",\"datePublished\":\"2020-04-17T14:39:48+00:00\",\"dateModified\":\"2024-11-25T05:49:06+00:00\",\"description\":\"V\u00e9 y s\u00e9 visto con la luz delantera Pygomic P1-F. Alta potencia y visibilidad tanto de d\u00eda como de noche en tus rutas y entrenos.\",\"breadcrumb\":{\"@id\":\"https:\\\/\\\/pygomic.com\\\/producto\\\/comprar-p1-f-200\\\/#breadcrumb\"},\"inLanguage\":\"en-GB\",\"potentialAction\":[{\"@type\":\"ReadAction\",\"target\":[\"https:\\\/\\\/pygomic.com\\\/producto\\\/comprar-p1-f-200\\\/\"]}]},{\"@type\":\"ImageObject\",\"inLanguage\":\"en-GB\",\"@id\":\"https:\\\/\\\/pygomic.com\\\/producto\\\/comprar-p1-f-200\\\/#primaryimage\",\"url\":\"https:\\\/\\\/pygomic.com\\\/\\\/wp-content\\\/uploads\\\/2022\\\/06\\\/Blanca-girada-derecho-0286-2.webp\",\"contentUrl\":\"https:\\\/\\\/pygomic.com\\\/\\\/wp-content\\\/uploads\\\/2022\\\/06\\\/Blanca-girada-derecho-0286-2.webp\",\"width\":1350,\"height\":900},{\"@type\":\"BreadcrumbList\",\"@id\":\"https:\\\/\\\/pygomic.com\\\/producto\\\/comprar-p1-f-200\\\/#breadcrumb\",\"itemListElement\":[{\"@type\":\"ListItem\",\"position\":1,\"name\":\"Portada\",\"item\":\"https:\\\/\\\/pygomic.com\\\/\"},{\"@type\":\"ListItem\",\"position\":2,\"name\":\"Tienda\",\"item\":\"https:\\\/\\\/pygomic.com\\\/tienda\\\/\"},{\"@type\":\"ListItem\",\"position\":3,\"name\":\"P1-F 200\"}]},{\"@type\":\"WebSite\",\"@id\":\"https:\\\/\\\/pygomic.com\\\/#website\",\"url\":\"https:\\\/\\\/pygomic.com\\\/\",\"name\":\"Pygomic\",\"description\":\"Technology for everyone\",\"publisher\":{\"@id\":\"https:\\\/\\\/pygomic.com\\\/#organization\"},\"potentialAction\":[{\"@type\":\"SearchAction\",\"target\":{\"@type\":\"EntryPoint\",\"urlTemplate\":\"https:\\\/\\\/pygomic.com\\\/?s={search_term_string}\"},\"query-input\":{\"@type\":\"PropertyValueSpecification\",\"valueRequired\":true,\"valueName\":\"search_term_string\"}}],\"inLanguage\":\"en-GB\"},{\"@type\":\"Organization\",\"@id\":\"https:\\\/\\\/pygomic.com\\\/#organization\",\"name\":\"Pygomic\",\"url\":\"https:\\\/\\\/pygomic.com\\\/\",\"logo\":{\"@type\":\"ImageObject\",\"inLanguage\":\"en-GB\",\"@id\":\"https:\\\/\\\/pygomic.com\\\/#\\\/schema\\\/logo\\\/image\\\/\",\"url\":\"https:\\\/\\\/pygomic.com\\\/wp-content\\\/uploads\\\/2020\\\/05\\\/Logo-web-png.png\",\"contentUrl\":\"https:\\\/\\\/pygomic.com\\\/wp-content\\\/uploads\\\/2020\\\/05\\\/Logo-web-png.png\",\"width\":4138,\"height\":1080,\"caption\":\"Pygomic\"},\"image\":{\"@id\":\"https:\\\/\\\/pygomic.com\\\/#\\\/schema\\\/logo\\\/image\\\/\"}}]}<\/script>\n<!-- \/ Yoast SEO plugin. -->","yoast_head_json":{"title":"P1-F 200 - Pygomic","description":"V\u00e9 y s\u00e9 visto con la luz delantera Pygomic P1-F. Alta potencia y visibilidad tanto de d\u00eda como de noche en tus rutas y entrenos.","robots":{"index":"index","follow":"follow","max-snippet":"max-snippet:-1","max-image-preview":"max-image-preview:large","max-video-preview":"max-video-preview:-1"},"canonical":"https:\/\/pygomic.com\/en\/product\/comprar-p1-f-200\/","og_locale":"en_GB","og_type":"article","og_title":"P1-F 200 - Pygomic","og_description":"V\u00e9 y s\u00e9 visto con la luz delantera Pygomic P1-F. Alta potencia y visibilidad tanto de d\u00eda como de noche en tus rutas y entrenos.","og_url":"https:\/\/pygomic.com\/en\/product\/comprar-p1-f-200\/","og_site_name":"Pygomic","article_modified_time":"2024-11-25T05:49:06+00:00","og_image":[{"width":1350,"height":900,"url":"https:\/\/pygomic.com\/\/wp-content\/uploads\/2022\/06\/Blanca-girada-derecho-0286-2.webp","type":"image\/webp"}],"twitter_card":"summary_large_image","schema":{"@context":"https:\/\/schema.org","@graph":[{"@type":"WebPage","@id":"https:\/\/pygomic.com\/producto\/comprar-p1-f-200\/","url":"https:\/\/pygomic.com\/producto\/comprar-p1-f-200\/","name":"P1-F 200 - Pygomic","isPartOf":{"@id":"https:\/\/pygomic.com\/#website"},"primaryImageOfPage":{"@id":"https:\/\/pygomic.com\/producto\/comprar-p1-f-200\/#primaryimage"},"image":{"@id":"https:\/\/pygomic.com\/producto\/comprar-p1-f-200\/#primaryimage"},"thumbnailUrl":"https:\/\/pygomic.com\/\/wp-content\/uploads\/2022\/06\/Blanca-girada-derecho-0286-2.webp","datePublished":"2020-04-17T14:39:48+00:00","dateModified":"2024-11-25T05:49:06+00:00","description":"V\u00e9 y s\u00e9 visto con la luz delantera Pygomic P1-F. Alta potencia y visibilidad tanto de d\u00eda como de noche en tus rutas y entrenos.","breadcrumb":{"@id":"https:\/\/pygomic.com\/producto\/comprar-p1-f-200\/#breadcrumb"},"inLanguage":"en-GB","potentialAction":[{"@type":"ReadAction","target":["https:\/\/pygomic.com\/producto\/comprar-p1-f-200\/"]}]},{"@type":"ImageObject","inLanguage":"en-GB","@id":"https:\/\/pygomic.com\/producto\/comprar-p1-f-200\/#primaryimage","url":"https:\/\/pygomic.com\/\/wp-content\/uploads\/2022\/06\/Blanca-girada-derecho-0286-2.webp","contentUrl":"https:\/\/pygomic.com\/\/wp-content\/uploads\/2022\/06\/Blanca-girada-derecho-0286-2.webp","width":1350,"height":900},{"@type":"BreadcrumbList","@id":"https:\/\/pygomic.com\/producto\/comprar-p1-f-200\/#breadcrumb","itemListElement":[{"@type":"ListItem","position":1,"name":"Portada","item":"https:\/\/pygomic.com\/"},{"@type":"ListItem","position":2,"name":"Tienda","item":"https:\/\/pygomic.com\/tienda\/"},{"@type":"ListItem","position":3,"name":"P1-F 200"}]},{"@type":"WebSite","@id":"https:\/\/pygomic.com\/#website","url":"https:\/\/pygomic.com\/","name":"Pygomic","description":"Technology for everyone","publisher":{"@id":"https:\/\/pygomic.com\/#organization"},"potentialAction":[{"@type":"SearchAction","target":{"@type":"EntryPoint","urlTemplate":"https:\/\/pygomic.com\/?s={search_term_string}"},"query-input":{"@type":"PropertyValueSpecification","valueRequired":true,"valueName":"search_term_string"}}],"inLanguage":"en-GB"},{"@type":"Organization","@id":"https:\/\/pygomic.com\/#organization","name":"Pygomic","url":"https:\/\/pygomic.com\/","logo":{"@type":"ImageObject","inLanguage":"en-GB","@id":"https:\/\/pygomic.com\/#\/schema\/logo\/image\/","url":"https:\/\/pygomic.com\/wp-content\/uploads\/2020\/05\/Logo-web-png.png","contentUrl":"https:\/\/pygomic.com\/wp-content\/uploads\/2020\/05\/Logo-web-png.png","width":4138,"height":1080,"caption":"Pygomic"},"image":{"@id":"https:\/\/pygomic.com\/#\/schema\/logo\/image\/"}}]}},"_links":{"self":[{"href":"https:\/\/pygomic.com\/en\/wp-json\/wp\/v2\/product\/35","targetHints":{"allow":["GET"]}}],"collection":[{"href":"https:\/\/pygomic.com\/en\/wp-json\/wp\/v2\/product"}],"about":[{"href":"https:\/\/pygomic.com\/en\/wp-json\/wp\/v2\/types\/product"}],"replies":[{"embeddable":true,"href":"https:\/\/pygomic.com\/en\/wp-json\/wp\/v2\/comments?post=35"}],"version-history":[{"count":35,"href":"https:\/\/pygomic.com\/en\/wp-json\/wp\/v2\/product\/35\/revisions"}],"predecessor-version":[{"id":5244,"href":"https:\/\/pygomic.com\/en\/wp-json\/wp\/v2\/product\/35\/revisions\/5244"}],"wp:featuredmedia":[{"embeddable":true,"href":"https:\/\/pygomic.com\/en\/wp-json\/wp\/v2\/media\/5060"}],"wp:attachment":[{"href":"https:\/\/pygomic.com\/en\/wp-json\/wp\/v2\/media?parent=35"}],"wp:term":[{"taxonomy":"product_brand","embeddable":true,"href":"https:\/\/pygomic.com\/en\/wp-json\/wp\/v2\/product_brand?post=35"},{"taxonomy":"product_cat","embeddable":true,"href":"https:\/\/pygomic.com\/en\/wp-json\/wp\/v2\/product_cat?post=35"},{"taxonomy":"product_tag","embeddable":true,"href":"https:\/\/pygomic.com\/en\/wp-json\/wp\/v2\/product_tag?post=35"}],"curies":[{"name":"wp","href":"https:\/\/api.w.org\/{rel}","templated":true}]}}