{"id":5388,"date":"2024-05-30T13:14:27","date_gmt":"2024-05-30T11:14:27","guid":{"rendered":"https:\/\/pygomic.com\/?post_type=product&#038;p=5388"},"modified":"2024-10-31T20:04:08","modified_gmt":"2024-10-31T18:04:08","slug":"r-pro","status":"publish","type":"product","link":"https:\/\/pygomic.com\/en\/product\/r-pro\/","title":{"rendered":"R-Pro"},"content":{"rendered":"<div data-elementor-type=\"product-post\" data-elementor-id=\"5388\" class=\"elementor elementor-5388\" data-elementor-post-type=\"product\">\n\t\t\t\t\t\t<section class=\"elementor-section elementor-top-section elementor-element elementor-element-519899d9 elementor-section-boxed elementor-section-height-default elementor-section-height-default\" data-id=\"519899d9\" data-element_type=\"section\" data-e-type=\"section\">\n\t\t\t\t\t\t<div class=\"elementor-container elementor-column-gap-default\">\n\t\t\t\t\t<div class=\"elementor-column elementor-col-100 elementor-top-column elementor-element elementor-element-b298761\" data-id=\"b298761\" data-element_type=\"column\" data-e-type=\"column\">\n\t\t\t<div class=\"elementor-widget-wrap elementor-element-populated\">\n\t\t\t\t\t\t<div class=\"elementor-element elementor-element-11c1dda8 elementor-widget elementor-widget-text-editor\" data-id=\"11c1dda8\" data-element_type=\"widget\" data-e-type=\"widget\" data-widget_type=\"text-editor.default\">\n\t\t\t\t<div class=\"elementor-widget-container\">\n\t\t\t\t\t\t\t\t\t<ul>\n<li><span style=\"font-size: 16px;\">Working modes: Day steady 65lm (3,5hr), Night steady 10lm (12hr), Day flash plus 200lm (4hr), Day flash 90lm (12hr), Night flash 10lm (30hr).<\/span><\/li>\n<li><span style=\"font-size: 16px;\"><strong>New:<\/strong> smart brightness adjustment. R-Pro will increase the flash output when it detects higher ambient brightness and reduce it when the ambient brightness decreases.<\/span><\/li>\n<li><span style=\"font-size: 16px;\"><strong>New:<\/strong> brake detection. With brake sensor on, R-Pro will flash at higher power when brake is detected.<\/span><\/li>\n<li>Battery save mode \u2013 it is activated automatically when the battery is about to run out and it extends the battery life in one hour.<\/li>\n<li>800mAh rechargeable battery with USB cable. Approximate charging time 2,5hr.&nbsp;<\/li>\n<li>Battery level indicator.&nbsp;<\/li>\n<li>Visibility - up to 2,2km even during the day thanks to its power, optic and flash pattern.&nbsp;<\/li>\n<li><span style=\"font-size: 1rem;\">Last mode memory.<\/span><\/li>\n<li>Rain and splash proof.<\/li>\n<li>Light weight: 30gr.<\/li>\n<li>Rubber support weight: 14gr. This support allows to adjust the light tilt.<\/li>\n<li>Under saddle support weight: 4gr.<\/li>\n<li>In the box: R-Pro, rubber support, saddle support, zip ties, USB cable and user\u00b4s manual.<\/li>\n<\/ul>\t\t\t\t\t\t\t\t<\/div>\n\t\t\t\t<\/div>\n\t\t\t\t\t<\/div>\n\t\t<\/div>\n\t\t\t\t\t<\/div>\n\t\t<\/section>\n\t\t\t\t<\/div>","protected":false},"excerpt":{"rendered":"<p><strong>Designed and made in Spain,<\/strong>this light is designed to improve the cyclist visibility on the road both during the day and night thanks to its power and optics <strong>that make it visible up to 2,2km<\/strong> away. R-Pro has a rechargeable battery, is water resistant and has <strong>smart automatic brightnes adjustment mode and brake detection mode<\/strong>.<\/p>\n<p>\u00a1<strong>R-Pro<\/strong> is the latest evolution of our lights lineup now with <strong>a more compact design without giving up any benefit<\/strong>!<\/p>\n<p>Not sure why you should use daytime running lights yet? Discover why on our <a href=\"https:\/\/pygomic.com\/en\/por-que-usar-luces-diurnas-en-tu-bicicleta\/\">blog<\/a>.<\/p>","protected":false},"featured_media":5348,"comment_status":"open","ping_status":"closed","template":"","meta":[],"product_brand":[],"product_cat":[77],"product_tag":[88],"class_list":{"0":"post-5388","1":"product","2":"type-product","3":"status-publish","4":"has-post-thumbnail","6":"product_cat-luz-bicicleta-diurna","7":"product_tag-roja-trasera-potente-brillo-auto-freno","8":"product_shipping_class-nacional","10":"first","11":"instock","12":"shipping-taxable","13":"purchasable","14":"product-type-simple"},"yoast_head":"<!-- This site is optimized with the Yoast SEO plugin v27.5 - https:\/\/yoast.com\/product\/yoast-seo-wordpress\/ -->\n<title>R-Pro - Pygomic<\/title>\n<meta name=\"description\" content=\"Luz diurna compacta de alto rendimiento para ser visto tanto de d\u00eda como de noche. Ajuste autom\u00e1tico de Brillo y detecci\u00f3n de Frenada para mayor seguridad.\" \/>\n<meta name=\"robots\" content=\"index, follow, max-snippet:-1, max-image-preview:large, max-video-preview:-1\" \/>\n<link rel=\"canonical\" href=\"https:\/\/pygomic.com\/en\/product\/r-pro\/\" \/>\n<meta property=\"og:locale\" content=\"en_GB\" \/>\n<meta property=\"og:type\" content=\"article\" \/>\n<meta property=\"og:title\" content=\"R-Pro - Pygomic\" \/>\n<meta property=\"og:description\" content=\"Luz diurna compacta de alto rendimiento para ser visto tanto de d\u00eda como de noche. Ajuste autom\u00e1tico de Brillo y detecci\u00f3n de Frenada para mayor seguridad.\" \/>\n<meta property=\"og:url\" content=\"https:\/\/pygomic.com\/en\/product\/r-pro\/\" \/>\n<meta property=\"og:site_name\" content=\"Pygomic\" \/>\n<meta property=\"article:modified_time\" content=\"2024-10-31T18:04:08+00:00\" \/>\n<meta property=\"og:image\" content=\"https:\/\/pygomic.com\/\/wp-content\/uploads\/2024\/05\/1.jpg\" \/>\n\t<meta property=\"og:image:width\" content=\"1350\" \/>\n\t<meta property=\"og:image:height\" content=\"900\" \/>\n\t<meta property=\"og:image:type\" content=\"image\/jpeg\" \/>\n<meta name=\"twitter:card\" content=\"summary_large_image\" \/>\n<script type=\"application\/ld+json\" class=\"yoast-schema-graph\">{\"@context\":\"https:\\\/\\\/schema.org\",\"@graph\":[{\"@type\":\"WebPage\",\"@id\":\"https:\\\/\\\/pygomic.com\\\/producto\\\/r-pro\\\/\",\"url\":\"https:\\\/\\\/pygomic.com\\\/producto\\\/r-pro\\\/\",\"name\":\"R-Pro - Pygomic\",\"isPartOf\":{\"@id\":\"https:\\\/\\\/pygomic.com\\\/#website\"},\"primaryImageOfPage\":{\"@id\":\"https:\\\/\\\/pygomic.com\\\/producto\\\/r-pro\\\/#primaryimage\"},\"image\":{\"@id\":\"https:\\\/\\\/pygomic.com\\\/producto\\\/r-pro\\\/#primaryimage\"},\"thumbnailUrl\":\"https:\\\/\\\/pygomic.com\\\/\\\/wp-content\\\/uploads\\\/2024\\\/05\\\/1.jpg\",\"datePublished\":\"2024-05-30T11:14:27+00:00\",\"dateModified\":\"2024-10-31T18:04:08+00:00\",\"description\":\"Luz diurna compacta de alto rendimiento para ser visto tanto de d\u00eda como de noche. Ajuste autom\u00e1tico de Brillo y detecci\u00f3n de Frenada para mayor seguridad.\",\"breadcrumb\":{\"@id\":\"https:\\\/\\\/pygomic.com\\\/producto\\\/r-pro\\\/#breadcrumb\"},\"inLanguage\":\"en-GB\",\"potentialAction\":[{\"@type\":\"ReadAction\",\"target\":[\"https:\\\/\\\/pygomic.com\\\/producto\\\/r-pro\\\/\"]}]},{\"@type\":\"ImageObject\",\"inLanguage\":\"en-GB\",\"@id\":\"https:\\\/\\\/pygomic.com\\\/producto\\\/r-pro\\\/#primaryimage\",\"url\":\"https:\\\/\\\/pygomic.com\\\/\\\/wp-content\\\/uploads\\\/2024\\\/05\\\/1.jpg\",\"contentUrl\":\"https:\\\/\\\/pygomic.com\\\/\\\/wp-content\\\/uploads\\\/2024\\\/05\\\/1.jpg\",\"width\":1350,\"height\":900},{\"@type\":\"BreadcrumbList\",\"@id\":\"https:\\\/\\\/pygomic.com\\\/producto\\\/r-pro\\\/#breadcrumb\",\"itemListElement\":[{\"@type\":\"ListItem\",\"position\":1,\"name\":\"Portada\",\"item\":\"https:\\\/\\\/pygomic.com\\\/\"},{\"@type\":\"ListItem\",\"position\":2,\"name\":\"Tienda\",\"item\":\"https:\\\/\\\/pygomic.com\\\/tienda\\\/\"},{\"@type\":\"ListItem\",\"position\":3,\"name\":\"R-Pro\"}]},{\"@type\":\"WebSite\",\"@id\":\"https:\\\/\\\/pygomic.com\\\/#website\",\"url\":\"https:\\\/\\\/pygomic.com\\\/\",\"name\":\"Pygomic\",\"description\":\"Technology for everyone\",\"publisher\":{\"@id\":\"https:\\\/\\\/pygomic.com\\\/#organization\"},\"potentialAction\":[{\"@type\":\"SearchAction\",\"target\":{\"@type\":\"EntryPoint\",\"urlTemplate\":\"https:\\\/\\\/pygomic.com\\\/?s={search_term_string}\"},\"query-input\":{\"@type\":\"PropertyValueSpecification\",\"valueRequired\":true,\"valueName\":\"search_term_string\"}}],\"inLanguage\":\"en-GB\"},{\"@type\":\"Organization\",\"@id\":\"https:\\\/\\\/pygomic.com\\\/#organization\",\"name\":\"Pygomic\",\"url\":\"https:\\\/\\\/pygomic.com\\\/\",\"logo\":{\"@type\":\"ImageObject\",\"inLanguage\":\"en-GB\",\"@id\":\"https:\\\/\\\/pygomic.com\\\/#\\\/schema\\\/logo\\\/image\\\/\",\"url\":\"https:\\\/\\\/pygomic.com\\\/wp-content\\\/uploads\\\/2020\\\/05\\\/Logo-web-png.png\",\"contentUrl\":\"https:\\\/\\\/pygomic.com\\\/wp-content\\\/uploads\\\/2020\\\/05\\\/Logo-web-png.png\",\"width\":4138,\"height\":1080,\"caption\":\"Pygomic\"},\"image\":{\"@id\":\"https:\\\/\\\/pygomic.com\\\/#\\\/schema\\\/logo\\\/image\\\/\"}}]}<\/script>\n<!-- \/ Yoast SEO plugin. -->","yoast_head_json":{"title":"R-Pro - Pygomic","description":"Luz diurna compacta de alto rendimiento para ser visto tanto de d\u00eda como de noche. Ajuste autom\u00e1tico de Brillo y detecci\u00f3n de Frenada para mayor seguridad.","robots":{"index":"index","follow":"follow","max-snippet":"max-snippet:-1","max-image-preview":"max-image-preview:large","max-video-preview":"max-video-preview:-1"},"canonical":"https:\/\/pygomic.com\/en\/product\/r-pro\/","og_locale":"en_GB","og_type":"article","og_title":"R-Pro - Pygomic","og_description":"Luz diurna compacta de alto rendimiento para ser visto tanto de d\u00eda como de noche. Ajuste autom\u00e1tico de Brillo y detecci\u00f3n de Frenada para mayor seguridad.","og_url":"https:\/\/pygomic.com\/en\/product\/r-pro\/","og_site_name":"Pygomic","article_modified_time":"2024-10-31T18:04:08+00:00","og_image":[{"width":1350,"height":900,"url":"https:\/\/pygomic.com\/\/wp-content\/uploads\/2024\/05\/1.jpg","type":"image\/jpeg"}],"twitter_card":"summary_large_image","schema":{"@context":"https:\/\/schema.org","@graph":[{"@type":"WebPage","@id":"https:\/\/pygomic.com\/producto\/r-pro\/","url":"https:\/\/pygomic.com\/producto\/r-pro\/","name":"R-Pro - Pygomic","isPartOf":{"@id":"https:\/\/pygomic.com\/#website"},"primaryImageOfPage":{"@id":"https:\/\/pygomic.com\/producto\/r-pro\/#primaryimage"},"image":{"@id":"https:\/\/pygomic.com\/producto\/r-pro\/#primaryimage"},"thumbnailUrl":"https:\/\/pygomic.com\/\/wp-content\/uploads\/2024\/05\/1.jpg","datePublished":"2024-05-30T11:14:27+00:00","dateModified":"2024-10-31T18:04:08+00:00","description":"Luz diurna compacta de alto rendimiento para ser visto tanto de d\u00eda como de noche. Ajuste autom\u00e1tico de Brillo y detecci\u00f3n de Frenada para mayor seguridad.","breadcrumb":{"@id":"https:\/\/pygomic.com\/producto\/r-pro\/#breadcrumb"},"inLanguage":"en-GB","potentialAction":[{"@type":"ReadAction","target":["https:\/\/pygomic.com\/producto\/r-pro\/"]}]},{"@type":"ImageObject","inLanguage":"en-GB","@id":"https:\/\/pygomic.com\/producto\/r-pro\/#primaryimage","url":"https:\/\/pygomic.com\/\/wp-content\/uploads\/2024\/05\/1.jpg","contentUrl":"https:\/\/pygomic.com\/\/wp-content\/uploads\/2024\/05\/1.jpg","width":1350,"height":900},{"@type":"BreadcrumbList","@id":"https:\/\/pygomic.com\/producto\/r-pro\/#breadcrumb","itemListElement":[{"@type":"ListItem","position":1,"name":"Portada","item":"https:\/\/pygomic.com\/"},{"@type":"ListItem","position":2,"name":"Tienda","item":"https:\/\/pygomic.com\/tienda\/"},{"@type":"ListItem","position":3,"name":"R-Pro"}]},{"@type":"WebSite","@id":"https:\/\/pygomic.com\/#website","url":"https:\/\/pygomic.com\/","name":"Pygomic","description":"Technology for everyone","publisher":{"@id":"https:\/\/pygomic.com\/#organization"},"potentialAction":[{"@type":"SearchAction","target":{"@type":"EntryPoint","urlTemplate":"https:\/\/pygomic.com\/?s={search_term_string}"},"query-input":{"@type":"PropertyValueSpecification","valueRequired":true,"valueName":"search_term_string"}}],"inLanguage":"en-GB"},{"@type":"Organization","@id":"https:\/\/pygomic.com\/#organization","name":"Pygomic","url":"https:\/\/pygomic.com\/","logo":{"@type":"ImageObject","inLanguage":"en-GB","@id":"https:\/\/pygomic.com\/#\/schema\/logo\/image\/","url":"https:\/\/pygomic.com\/wp-content\/uploads\/2020\/05\/Logo-web-png.png","contentUrl":"https:\/\/pygomic.com\/wp-content\/uploads\/2020\/05\/Logo-web-png.png","width":4138,"height":1080,"caption":"Pygomic"},"image":{"@id":"https:\/\/pygomic.com\/#\/schema\/logo\/image\/"}}]}},"_links":{"self":[{"href":"https:\/\/pygomic.com\/en\/wp-json\/wp\/v2\/product\/5388","targetHints":{"allow":["GET"]}}],"collection":[{"href":"https:\/\/pygomic.com\/en\/wp-json\/wp\/v2\/product"}],"about":[{"href":"https:\/\/pygomic.com\/en\/wp-json\/wp\/v2\/types\/product"}],"replies":[{"embeddable":true,"href":"https:\/\/pygomic.com\/en\/wp-json\/wp\/v2\/comments?post=5388"}],"version-history":[{"count":9,"href":"https:\/\/pygomic.com\/en\/wp-json\/wp\/v2\/product\/5388\/revisions"}],"predecessor-version":[{"id":5480,"href":"https:\/\/pygomic.com\/en\/wp-json\/wp\/v2\/product\/5388\/revisions\/5480"}],"wp:featuredmedia":[{"embeddable":true,"href":"https:\/\/pygomic.com\/en\/wp-json\/wp\/v2\/media\/5348"}],"wp:attachment":[{"href":"https:\/\/pygomic.com\/en\/wp-json\/wp\/v2\/media?parent=5388"}],"wp:term":[{"taxonomy":"product_brand","embeddable":true,"href":"https:\/\/pygomic.com\/en\/wp-json\/wp\/v2\/product_brand?post=5388"},{"taxonomy":"product_cat","embeddable":true,"href":"https:\/\/pygomic.com\/en\/wp-json\/wp\/v2\/product_cat?post=5388"},{"taxonomy":"product_tag","embeddable":true,"href":"https:\/\/pygomic.com\/en\/wp-json\/wp\/v2\/product_tag?post=5388"}],"curies":[{"name":"wp","href":"https:\/\/api.w.org\/{rel}","templated":true}]}}