{"id":5608,"date":"2024-12-03T16:47:06","date_gmt":"2024-12-03T14:47:06","guid":{"rendered":"https:\/\/pygomic.com\/?post_type=product&#038;p=5608"},"modified":"2024-12-13T19:17:42","modified_gmt":"2024-12-13T17:17:42","slug":"f-pro","status":"publish","type":"product","link":"https:\/\/pygomic.com\/en\/product\/f-pro\/","title":{"rendered":"F-Pro"},"content":{"rendered":"<div data-elementor-type=\"product-post\" data-elementor-id=\"5608\" class=\"elementor elementor-5608\" data-elementor-post-type=\"product\">\n\t\t\t\t\t\t<section class=\"elementor-section elementor-top-section elementor-element elementor-element-519899d9 elementor-section-boxed elementor-section-height-default elementor-section-height-default\" data-id=\"519899d9\" data-element_type=\"section\" data-e-type=\"section\">\n\t\t\t\t\t\t<div class=\"elementor-container elementor-column-gap-default\">\n\t\t\t\t\t<div class=\"elementor-column elementor-col-100 elementor-top-column elementor-element elementor-element-b298761\" data-id=\"b298761\" data-element_type=\"column\" data-e-type=\"column\">\n\t\t\t<div class=\"elementor-widget-wrap elementor-element-populated\">\n\t\t\t\t\t\t<div class=\"elementor-element elementor-element-11c1dda8 elementor-widget elementor-widget-text-editor\" data-id=\"11c1dda8\" data-element_type=\"widget\" data-e-type=\"widget\" data-widget_type=\"text-editor.default\">\n\t\t\t\t<div class=\"elementor-widget-container\">\n\t\t\t\t\t\t\t\t\t<ul><li><span style=\"font-size: 16px;\">Modos de funcionamiento &#8211; Fijo de d\u00eda plus 300lm (1,5hr), Fijo de d\u00eda 150lm (5,5hr), Fijo de noche 20lm (24hr), Destello de d\u00eda 140lm (9,5hr), Destello de noche 20lm (120hr).<\/span><\/li><li><span style=\"font-size: 16px;\"><strong>New:<\/strong> smart brightness adjustment. R-Pro will increase the flash output when it detects higher ambient brightness and reduce it when the ambient brightness decreases.<\/span><\/li><li>Battery save mode \u2013 it is activated automatically when the battery is about to run out and it extends the battery life in one hour.<\/li><li>800mAh rechargeable battery with USB cable. Approximate charging time 2,5hr.\u00a0<\/li><li>Battery level indicator.\u00a0<\/li><li>Visibility - up to 2,2km even during the day thanks to its power, optic and flash pattern.\u00a0<\/li><li><span style=\"font-size: 1rem;\">Last mode memory.<\/span><\/li><li>Rain and splash proof.<\/li><li>Light weight: 30gr.<\/li><li>Peso soporte de goma: 14gr. Permite ajuste de \u00e1ngulo horizontal de la luz y es compatible con la mayor\u00eda de manillares.<\/li><li>Peso soporte GPS: 3gr.<\/li><li>La caja incluye: F-Pro, soporte de goma, soporte bajo GPS, cable de carga USB y manual de uso.<\/li><\/ul>\t\t\t\t\t\t\t\t<\/div>\n\t\t\t\t<\/div>\n\t\t\t\t\t<\/div>\n\t\t<\/div>\n\t\t\t\t\t<\/div>\n\t\t<\/section>\n\t\t\t\t<\/div>","protected":false},"excerpt":{"rendered":"<p><strong>Designed and made in Spain,<\/strong>this light is designed to improve the cyclist visibility on the road both during the day and night thanks to its power and optics <strong>that make it visible up to 2,2km<\/strong> away. R-Pro has a rechargeable battery, is water resistant and has <strong>modo de ajuste de brillo autom\u00e1tico<\/strong>.<\/p>\n<p>\u00a1<strong>F-Pro<\/strong> es una gran evoluci\u00f3n en nuestras luces, ahora con un <strong>dise\u00f1o m\u00e1s compacto, mayor potencia y nuevas prestaciones<\/strong>!<\/p>\n<p>Not sure why you should use daytime running lights yet? Discover why on our <a href=\"https:\/\/pygomic.com\/en\/por-que-usar-luces-diurnas-en-tu-bicicleta\/\">blog<\/a>.<\/p>","protected":false},"featured_media":5577,"comment_status":"open","ping_status":"closed","template":"","meta":[],"product_brand":[],"product_cat":[77],"product_tag":[88],"class_list":{"0":"post-5608","1":"product","2":"type-product","3":"status-publish","4":"has-post-thumbnail","6":"product_cat-luz-bicicleta-diurna","7":"product_tag-roja-trasera-potente-brillo-auto-freno","8":"product_shipping_class-nacional","10":"first","11":"instock","12":"shipping-taxable","13":"purchasable","14":"product-type-simple"},"yoast_head":"<!-- This site is optimized with the Yoast SEO plugin v27.5 - https:\/\/yoast.com\/product\/yoast-seo-wordpress\/ -->\n<title>F-Pro - Pygomic<\/title>\n<meta name=\"description\" content=\"Luz diurna compacta de alto rendimiento para ver y ser visto tanto de d\u00eda como de noche. Ajuste autom\u00e1tico de Brillo para mayor seguridad.\" \/>\n<meta name=\"robots\" content=\"index, follow, max-snippet:-1, max-image-preview:large, max-video-preview:-1\" \/>\n<link rel=\"canonical\" href=\"https:\/\/pygomic.com\/en\/product\/f-pro\/\" \/>\n<meta property=\"og:locale\" content=\"en_GB\" \/>\n<meta property=\"og:type\" content=\"article\" \/>\n<meta property=\"og:title\" content=\"F-Pro - Pygomic\" \/>\n<meta property=\"og:description\" content=\"Luz diurna compacta de alto rendimiento para ver y ser visto tanto de d\u00eda como de noche. Ajuste autom\u00e1tico de Brillo para mayor seguridad.\" \/>\n<meta property=\"og:url\" content=\"https:\/\/pygomic.com\/en\/product\/f-pro\/\" \/>\n<meta property=\"og:site_name\" content=\"Pygomic\" \/>\n<meta property=\"article:modified_time\" content=\"2024-12-13T17:17:42+00:00\" \/>\n<meta property=\"og:image\" content=\"https:\/\/pygomic.com\/\/wp-content\/uploads\/2024\/12\/1-2.jpg\" \/>\n\t<meta property=\"og:image:width\" content=\"1350\" \/>\n\t<meta property=\"og:image:height\" content=\"900\" \/>\n\t<meta property=\"og:image:type\" content=\"image\/jpeg\" \/>\n<meta name=\"twitter:card\" content=\"summary_large_image\" \/>\n<script type=\"application\/ld+json\" class=\"yoast-schema-graph\">{\"@context\":\"https:\\\/\\\/schema.org\",\"@graph\":[{\"@type\":\"WebPage\",\"@id\":\"https:\\\/\\\/pygomic.com\\\/producto\\\/f-pro\\\/\",\"url\":\"https:\\\/\\\/pygomic.com\\\/producto\\\/f-pro\\\/\",\"name\":\"F-Pro - Pygomic\",\"isPartOf\":{\"@id\":\"https:\\\/\\\/pygomic.com\\\/#website\"},\"primaryImageOfPage\":{\"@id\":\"https:\\\/\\\/pygomic.com\\\/producto\\\/f-pro\\\/#primaryimage\"},\"image\":{\"@id\":\"https:\\\/\\\/pygomic.com\\\/producto\\\/f-pro\\\/#primaryimage\"},\"thumbnailUrl\":\"https:\\\/\\\/pygomic.com\\\/\\\/wp-content\\\/uploads\\\/2024\\\/12\\\/1-2.jpg\",\"datePublished\":\"2024-12-03T14:47:06+00:00\",\"dateModified\":\"2024-12-13T17:17:42+00:00\",\"description\":\"Luz diurna compacta de alto rendimiento para ver y ser visto tanto de d\u00eda como de noche. Ajuste autom\u00e1tico de Brillo para mayor seguridad.\",\"breadcrumb\":{\"@id\":\"https:\\\/\\\/pygomic.com\\\/producto\\\/f-pro\\\/#breadcrumb\"},\"inLanguage\":\"en-GB\",\"potentialAction\":[{\"@type\":\"ReadAction\",\"target\":[\"https:\\\/\\\/pygomic.com\\\/producto\\\/f-pro\\\/\"]}]},{\"@type\":\"ImageObject\",\"inLanguage\":\"en-GB\",\"@id\":\"https:\\\/\\\/pygomic.com\\\/producto\\\/f-pro\\\/#primaryimage\",\"url\":\"https:\\\/\\\/pygomic.com\\\/\\\/wp-content\\\/uploads\\\/2024\\\/12\\\/1-2.jpg\",\"contentUrl\":\"https:\\\/\\\/pygomic.com\\\/\\\/wp-content\\\/uploads\\\/2024\\\/12\\\/1-2.jpg\",\"width\":1350,\"height\":900},{\"@type\":\"BreadcrumbList\",\"@id\":\"https:\\\/\\\/pygomic.com\\\/producto\\\/f-pro\\\/#breadcrumb\",\"itemListElement\":[{\"@type\":\"ListItem\",\"position\":1,\"name\":\"Portada\",\"item\":\"https:\\\/\\\/pygomic.com\\\/\"},{\"@type\":\"ListItem\",\"position\":2,\"name\":\"Tienda\",\"item\":\"https:\\\/\\\/pygomic.com\\\/tienda\\\/\"},{\"@type\":\"ListItem\",\"position\":3,\"name\":\"F-Pro\"}]},{\"@type\":\"WebSite\",\"@id\":\"https:\\\/\\\/pygomic.com\\\/#website\",\"url\":\"https:\\\/\\\/pygomic.com\\\/\",\"name\":\"Pygomic\",\"description\":\"Technology for everyone\",\"publisher\":{\"@id\":\"https:\\\/\\\/pygomic.com\\\/#organization\"},\"potentialAction\":[{\"@type\":\"SearchAction\",\"target\":{\"@type\":\"EntryPoint\",\"urlTemplate\":\"https:\\\/\\\/pygomic.com\\\/?s={search_term_string}\"},\"query-input\":{\"@type\":\"PropertyValueSpecification\",\"valueRequired\":true,\"valueName\":\"search_term_string\"}}],\"inLanguage\":\"en-GB\"},{\"@type\":\"Organization\",\"@id\":\"https:\\\/\\\/pygomic.com\\\/#organization\",\"name\":\"Pygomic\",\"url\":\"https:\\\/\\\/pygomic.com\\\/\",\"logo\":{\"@type\":\"ImageObject\",\"inLanguage\":\"en-GB\",\"@id\":\"https:\\\/\\\/pygomic.com\\\/#\\\/schema\\\/logo\\\/image\\\/\",\"url\":\"https:\\\/\\\/pygomic.com\\\/wp-content\\\/uploads\\\/2020\\\/05\\\/Logo-web-png.png\",\"contentUrl\":\"https:\\\/\\\/pygomic.com\\\/wp-content\\\/uploads\\\/2020\\\/05\\\/Logo-web-png.png\",\"width\":4138,\"height\":1080,\"caption\":\"Pygomic\"},\"image\":{\"@id\":\"https:\\\/\\\/pygomic.com\\\/#\\\/schema\\\/logo\\\/image\\\/\"}}]}<\/script>\n<!-- \/ Yoast SEO plugin. -->","yoast_head_json":{"title":"F-Pro - Pygomic","description":"Luz diurna compacta de alto rendimiento para ver y ser visto tanto de d\u00eda como de noche. Ajuste autom\u00e1tico de Brillo para mayor seguridad.","robots":{"index":"index","follow":"follow","max-snippet":"max-snippet:-1","max-image-preview":"max-image-preview:large","max-video-preview":"max-video-preview:-1"},"canonical":"https:\/\/pygomic.com\/en\/product\/f-pro\/","og_locale":"en_GB","og_type":"article","og_title":"F-Pro - Pygomic","og_description":"Luz diurna compacta de alto rendimiento para ver y ser visto tanto de d\u00eda como de noche. Ajuste autom\u00e1tico de Brillo para mayor seguridad.","og_url":"https:\/\/pygomic.com\/en\/product\/f-pro\/","og_site_name":"Pygomic","article_modified_time":"2024-12-13T17:17:42+00:00","og_image":[{"width":1350,"height":900,"url":"https:\/\/pygomic.com\/\/wp-content\/uploads\/2024\/12\/1-2.jpg","type":"image\/jpeg"}],"twitter_card":"summary_large_image","schema":{"@context":"https:\/\/schema.org","@graph":[{"@type":"WebPage","@id":"https:\/\/pygomic.com\/producto\/f-pro\/","url":"https:\/\/pygomic.com\/producto\/f-pro\/","name":"F-Pro - Pygomic","isPartOf":{"@id":"https:\/\/pygomic.com\/#website"},"primaryImageOfPage":{"@id":"https:\/\/pygomic.com\/producto\/f-pro\/#primaryimage"},"image":{"@id":"https:\/\/pygomic.com\/producto\/f-pro\/#primaryimage"},"thumbnailUrl":"https:\/\/pygomic.com\/\/wp-content\/uploads\/2024\/12\/1-2.jpg","datePublished":"2024-12-03T14:47:06+00:00","dateModified":"2024-12-13T17:17:42+00:00","description":"Luz diurna compacta de alto rendimiento para ver y ser visto tanto de d\u00eda como de noche. Ajuste autom\u00e1tico de Brillo para mayor seguridad.","breadcrumb":{"@id":"https:\/\/pygomic.com\/producto\/f-pro\/#breadcrumb"},"inLanguage":"en-GB","potentialAction":[{"@type":"ReadAction","target":["https:\/\/pygomic.com\/producto\/f-pro\/"]}]},{"@type":"ImageObject","inLanguage":"en-GB","@id":"https:\/\/pygomic.com\/producto\/f-pro\/#primaryimage","url":"https:\/\/pygomic.com\/\/wp-content\/uploads\/2024\/12\/1-2.jpg","contentUrl":"https:\/\/pygomic.com\/\/wp-content\/uploads\/2024\/12\/1-2.jpg","width":1350,"height":900},{"@type":"BreadcrumbList","@id":"https:\/\/pygomic.com\/producto\/f-pro\/#breadcrumb","itemListElement":[{"@type":"ListItem","position":1,"name":"Portada","item":"https:\/\/pygomic.com\/"},{"@type":"ListItem","position":2,"name":"Tienda","item":"https:\/\/pygomic.com\/tienda\/"},{"@type":"ListItem","position":3,"name":"F-Pro"}]},{"@type":"WebSite","@id":"https:\/\/pygomic.com\/#website","url":"https:\/\/pygomic.com\/","name":"Pygomic","description":"Technology for everyone","publisher":{"@id":"https:\/\/pygomic.com\/#organization"},"potentialAction":[{"@type":"SearchAction","target":{"@type":"EntryPoint","urlTemplate":"https:\/\/pygomic.com\/?s={search_term_string}"},"query-input":{"@type":"PropertyValueSpecification","valueRequired":true,"valueName":"search_term_string"}}],"inLanguage":"en-GB"},{"@type":"Organization","@id":"https:\/\/pygomic.com\/#organization","name":"Pygomic","url":"https:\/\/pygomic.com\/","logo":{"@type":"ImageObject","inLanguage":"en-GB","@id":"https:\/\/pygomic.com\/#\/schema\/logo\/image\/","url":"https:\/\/pygomic.com\/wp-content\/uploads\/2020\/05\/Logo-web-png.png","contentUrl":"https:\/\/pygomic.com\/wp-content\/uploads\/2020\/05\/Logo-web-png.png","width":4138,"height":1080,"caption":"Pygomic"},"image":{"@id":"https:\/\/pygomic.com\/#\/schema\/logo\/image\/"}}]}},"_links":{"self":[{"href":"https:\/\/pygomic.com\/en\/wp-json\/wp\/v2\/product\/5608","targetHints":{"allow":["GET"]}}],"collection":[{"href":"https:\/\/pygomic.com\/en\/wp-json\/wp\/v2\/product"}],"about":[{"href":"https:\/\/pygomic.com\/en\/wp-json\/wp\/v2\/types\/product"}],"replies":[{"embeddable":true,"href":"https:\/\/pygomic.com\/en\/wp-json\/wp\/v2\/comments?post=5608"}],"version-history":[{"count":14,"href":"https:\/\/pygomic.com\/en\/wp-json\/wp\/v2\/product\/5608\/revisions"}],"predecessor-version":[{"id":5725,"href":"https:\/\/pygomic.com\/en\/wp-json\/wp\/v2\/product\/5608\/revisions\/5725"}],"wp:featuredmedia":[{"embeddable":true,"href":"https:\/\/pygomic.com\/en\/wp-json\/wp\/v2\/media\/5577"}],"wp:attachment":[{"href":"https:\/\/pygomic.com\/en\/wp-json\/wp\/v2\/media?parent=5608"}],"wp:term":[{"taxonomy":"product_brand","embeddable":true,"href":"https:\/\/pygomic.com\/en\/wp-json\/wp\/v2\/product_brand?post=5608"},{"taxonomy":"product_cat","embeddable":true,"href":"https:\/\/pygomic.com\/en\/wp-json\/wp\/v2\/product_cat?post=5608"},{"taxonomy":"product_tag","embeddable":true,"href":"https:\/\/pygomic.com\/en\/wp-json\/wp\/v2\/product_tag?post=5608"}],"curies":[{"name":"wp","href":"https:\/\/api.w.org\/{rel}","templated":true}]}}