{"id":5623,"date":"2024-12-03T17:23:06","date_gmt":"2024-12-03T15:23:06","guid":{"rendered":"https:\/\/pygomic.com\/?post_type=product&#038;p=5623"},"modified":"2024-12-13T19:14:10","modified_gmt":"2024-12-13T17:14:10","slug":"f-lite","status":"publish","type":"product","link":"https:\/\/pygomic.com\/en\/product\/f-lite\/","title":{"rendered":"F-Lite"},"content":{"rendered":"<div data-elementor-type=\"product-post\" data-elementor-id=\"5623\" class=\"elementor elementor-5623\" data-elementor-post-type=\"product\">\n\t\t\t\t\t\t<section class=\"elementor-section elementor-top-section elementor-element elementor-element-519899d9 elementor-section-boxed elementor-section-height-default elementor-section-height-default\" data-id=\"519899d9\" data-element_type=\"section\" data-e-type=\"section\">\n\t\t\t\t\t\t<div class=\"elementor-container elementor-column-gap-default\">\n\t\t\t\t\t<div class=\"elementor-column elementor-col-100 elementor-top-column elementor-element elementor-element-b298761\" data-id=\"b298761\" data-element_type=\"column\" data-e-type=\"column\">\n\t\t\t<div class=\"elementor-widget-wrap elementor-element-populated\">\n\t\t\t\t\t\t<div class=\"elementor-element elementor-element-11c1dda8 elementor-widget elementor-widget-text-editor\" data-id=\"11c1dda8\" data-element_type=\"widget\" data-e-type=\"widget\" data-widget_type=\"text-editor.default\">\n\t\t\t\t<div class=\"elementor-widget-container\">\n\t\t\t\t\t\t\t\t\t<ul>\n<li><span style=\"font-size: 16px;\">Modos de funcionamiento &#8211; Fijo de d\u00eda plus 150lm (1:30hr), Fijo de d\u00eda 90lm (3hr), Fijo de noche 10lm (18hr), Destello de d\u00eda 120lm (6hr), Destello de noche 10lm (30hr).<\/span><\/li>\n<li>Ahorro de bater\u00eda &#8211; se activa autom\u00e1ticamente cuando la bater\u00eda est\u00e1 a punto de agotarse y proporciona 30min extra de duraci\u00f3n.<\/li>\n<li>Bater\u00eda recargable mediante cable USB de 400mAh. Tiempo de carga aproximado 2,5hr.&nbsp;<\/li>\n<li>Battery level indicator.&nbsp;<\/li>\n<li>Visibility - up to 2km even during the day thanks to its power, optic and flash pattern.&nbsp;<\/li>\n<li><span style=\"font-size: 1rem;\">Last mode memory.<\/span><\/li>\n<li>Rain and splash proof.<\/li>\n<li>Peso luz: 24gr.<\/li>\n<li>Rubber support weight: 14gr. This support allows to adjust the light tilt.<\/li>\n<li>El producto incluye: luz F-Lite, soporte de goma, cable de carga USB y manual de uso.<\/li>\n<\/ul>\t\t\t\t\t\t\t\t<\/div>\n\t\t\t\t<\/div>\n\t\t\t\t\t<\/div>\n\t\t<\/div>\n\t\t\t\t\t<\/div>\n\t\t<\/section>\n\t\t\t\t<\/div>","protected":false},"excerpt":{"rendered":"<p>Dise\u00f1ada y fabricada en Espa\u00f1a, esta luz est\u00e1 concebida para aumentar la visibilidad del ciclista tanto de d\u00eda como de noche gracias a su potencia y \u00f3ptica que la hace visible hasta a 2 km de distancia. Adem\u00e1s de su bater\u00eda recargable mediante USB, es resistente a lluvia y salpicaduras.<\/p>\n<p>Dise\u00f1o compacto, uso sencillo y grandes prestaciones.<\/p>\n<p>Not sure why you should use daytime running lights yet? Discover why on our <a href=\"https:\/\/pygomic.com\/en\/por-que-usar-luces-diurnas-en-tu-bicicleta\/\">blog<\/a>.<\/p>","protected":false},"featured_media":5573,"comment_status":"open","ping_status":"closed","template":"","meta":[],"product_brand":[],"product_cat":[77],"product_tag":[82],"class_list":{"0":"post-5623","1":"product","2":"type-product","3":"status-publish","4":"has-post-thumbnail","6":"product_cat-luz-bicicleta-diurna","7":"product_tag-roja-trasera-potente","8":"product_shipping_class-nacional","10":"first","11":"instock","12":"shipping-taxable","13":"purchasable","14":"product-type-simple"},"yoast_head":"<!-- This site is optimized with the Yoast SEO plugin v27.5 - https:\/\/yoast.com\/product\/yoast-seo-wordpress\/ -->\n<title>F-Lite - Pygomic<\/title>\n<meta name=\"description\" content=\"Ve y s\u00e9 visto con la luz delantera de bicicleta Pygomic F-Lite. Alta potencia y visibilidad tanto de d\u00eda como de noche en tus rutas y entrenos.\" \/>\n<meta name=\"robots\" content=\"index, follow, max-snippet:-1, max-image-preview:large, max-video-preview:-1\" \/>\n<link rel=\"canonical\" href=\"https:\/\/pygomic.com\/en\/product\/f-lite\/\" \/>\n<meta property=\"og:locale\" content=\"en_GB\" \/>\n<meta property=\"og:type\" content=\"article\" \/>\n<meta property=\"og:title\" content=\"F-Lite - Pygomic\" \/>\n<meta property=\"og:description\" content=\"Ve y s\u00e9 visto con la luz delantera de bicicleta Pygomic F-Lite. Alta potencia y visibilidad tanto de d\u00eda como de noche en tus rutas y entrenos.\" \/>\n<meta property=\"og:url\" content=\"https:\/\/pygomic.com\/en\/product\/f-lite\/\" \/>\n<meta property=\"og:site_name\" content=\"Pygomic\" \/>\n<meta property=\"article:modified_time\" content=\"2024-12-13T17:14:10+00:00\" \/>\n<meta property=\"og:image\" content=\"https:\/\/pygomic.com\/\/wp-content\/uploads\/2024\/12\/1.jpg\" \/>\n\t<meta property=\"og:image:width\" content=\"1350\" \/>\n\t<meta property=\"og:image:height\" content=\"900\" \/>\n\t<meta property=\"og:image:type\" content=\"image\/jpeg\" \/>\n<meta name=\"twitter:card\" content=\"summary_large_image\" \/>\n<script type=\"application\/ld+json\" class=\"yoast-schema-graph\">{\"@context\":\"https:\\\/\\\/schema.org\",\"@graph\":[{\"@type\":\"WebPage\",\"@id\":\"https:\\\/\\\/pygomic.com\\\/producto\\\/f-lite\\\/\",\"url\":\"https:\\\/\\\/pygomic.com\\\/producto\\\/f-lite\\\/\",\"name\":\"F-Lite - Pygomic\",\"isPartOf\":{\"@id\":\"https:\\\/\\\/pygomic.com\\\/#website\"},\"primaryImageOfPage\":{\"@id\":\"https:\\\/\\\/pygomic.com\\\/producto\\\/f-lite\\\/#primaryimage\"},\"image\":{\"@id\":\"https:\\\/\\\/pygomic.com\\\/producto\\\/f-lite\\\/#primaryimage\"},\"thumbnailUrl\":\"https:\\\/\\\/pygomic.com\\\/\\\/wp-content\\\/uploads\\\/2024\\\/12\\\/1.jpg\",\"datePublished\":\"2024-12-03T15:23:06+00:00\",\"dateModified\":\"2024-12-13T17:14:10+00:00\",\"description\":\"Ve y s\u00e9 visto con la luz delantera de bicicleta Pygomic F-Lite. Alta potencia y visibilidad tanto de d\u00eda como de noche en tus rutas y entrenos.\",\"breadcrumb\":{\"@id\":\"https:\\\/\\\/pygomic.com\\\/producto\\\/f-lite\\\/#breadcrumb\"},\"inLanguage\":\"en-GB\",\"potentialAction\":[{\"@type\":\"ReadAction\",\"target\":[\"https:\\\/\\\/pygomic.com\\\/producto\\\/f-lite\\\/\"]}]},{\"@type\":\"ImageObject\",\"inLanguage\":\"en-GB\",\"@id\":\"https:\\\/\\\/pygomic.com\\\/producto\\\/f-lite\\\/#primaryimage\",\"url\":\"https:\\\/\\\/pygomic.com\\\/\\\/wp-content\\\/uploads\\\/2024\\\/12\\\/1.jpg\",\"contentUrl\":\"https:\\\/\\\/pygomic.com\\\/\\\/wp-content\\\/uploads\\\/2024\\\/12\\\/1.jpg\",\"width\":1350,\"height\":900},{\"@type\":\"BreadcrumbList\",\"@id\":\"https:\\\/\\\/pygomic.com\\\/producto\\\/f-lite\\\/#breadcrumb\",\"itemListElement\":[{\"@type\":\"ListItem\",\"position\":1,\"name\":\"Portada\",\"item\":\"https:\\\/\\\/pygomic.com\\\/\"},{\"@type\":\"ListItem\",\"position\":2,\"name\":\"Tienda\",\"item\":\"https:\\\/\\\/pygomic.com\\\/tienda\\\/\"},{\"@type\":\"ListItem\",\"position\":3,\"name\":\"F-Lite\"}]},{\"@type\":\"WebSite\",\"@id\":\"https:\\\/\\\/pygomic.com\\\/#website\",\"url\":\"https:\\\/\\\/pygomic.com\\\/\",\"name\":\"Pygomic\",\"description\":\"Technology for everyone\",\"publisher\":{\"@id\":\"https:\\\/\\\/pygomic.com\\\/#organization\"},\"potentialAction\":[{\"@type\":\"SearchAction\",\"target\":{\"@type\":\"EntryPoint\",\"urlTemplate\":\"https:\\\/\\\/pygomic.com\\\/?s={search_term_string}\"},\"query-input\":{\"@type\":\"PropertyValueSpecification\",\"valueRequired\":true,\"valueName\":\"search_term_string\"}}],\"inLanguage\":\"en-GB\"},{\"@type\":\"Organization\",\"@id\":\"https:\\\/\\\/pygomic.com\\\/#organization\",\"name\":\"Pygomic\",\"url\":\"https:\\\/\\\/pygomic.com\\\/\",\"logo\":{\"@type\":\"ImageObject\",\"inLanguage\":\"en-GB\",\"@id\":\"https:\\\/\\\/pygomic.com\\\/#\\\/schema\\\/logo\\\/image\\\/\",\"url\":\"https:\\\/\\\/pygomic.com\\\/wp-content\\\/uploads\\\/2020\\\/05\\\/Logo-web-png.png\",\"contentUrl\":\"https:\\\/\\\/pygomic.com\\\/wp-content\\\/uploads\\\/2020\\\/05\\\/Logo-web-png.png\",\"width\":4138,\"height\":1080,\"caption\":\"Pygomic\"},\"image\":{\"@id\":\"https:\\\/\\\/pygomic.com\\\/#\\\/schema\\\/logo\\\/image\\\/\"}}]}<\/script>\n<!-- \/ Yoast SEO plugin. -->","yoast_head_json":{"title":"F-Lite - Pygomic","description":"Ve y s\u00e9 visto con la luz delantera de bicicleta Pygomic F-Lite. Alta potencia y visibilidad tanto de d\u00eda como de noche en tus rutas y entrenos.","robots":{"index":"index","follow":"follow","max-snippet":"max-snippet:-1","max-image-preview":"max-image-preview:large","max-video-preview":"max-video-preview:-1"},"canonical":"https:\/\/pygomic.com\/en\/product\/f-lite\/","og_locale":"en_GB","og_type":"article","og_title":"F-Lite - Pygomic","og_description":"Ve y s\u00e9 visto con la luz delantera de bicicleta Pygomic F-Lite. Alta potencia y visibilidad tanto de d\u00eda como de noche en tus rutas y entrenos.","og_url":"https:\/\/pygomic.com\/en\/product\/f-lite\/","og_site_name":"Pygomic","article_modified_time":"2024-12-13T17:14:10+00:00","og_image":[{"width":1350,"height":900,"url":"https:\/\/pygomic.com\/\/wp-content\/uploads\/2024\/12\/1.jpg","type":"image\/jpeg"}],"twitter_card":"summary_large_image","schema":{"@context":"https:\/\/schema.org","@graph":[{"@type":"WebPage","@id":"https:\/\/pygomic.com\/producto\/f-lite\/","url":"https:\/\/pygomic.com\/producto\/f-lite\/","name":"F-Lite - Pygomic","isPartOf":{"@id":"https:\/\/pygomic.com\/#website"},"primaryImageOfPage":{"@id":"https:\/\/pygomic.com\/producto\/f-lite\/#primaryimage"},"image":{"@id":"https:\/\/pygomic.com\/producto\/f-lite\/#primaryimage"},"thumbnailUrl":"https:\/\/pygomic.com\/\/wp-content\/uploads\/2024\/12\/1.jpg","datePublished":"2024-12-03T15:23:06+00:00","dateModified":"2024-12-13T17:14:10+00:00","description":"Ve y s\u00e9 visto con la luz delantera de bicicleta Pygomic F-Lite. Alta potencia y visibilidad tanto de d\u00eda como de noche en tus rutas y entrenos.","breadcrumb":{"@id":"https:\/\/pygomic.com\/producto\/f-lite\/#breadcrumb"},"inLanguage":"en-GB","potentialAction":[{"@type":"ReadAction","target":["https:\/\/pygomic.com\/producto\/f-lite\/"]}]},{"@type":"ImageObject","inLanguage":"en-GB","@id":"https:\/\/pygomic.com\/producto\/f-lite\/#primaryimage","url":"https:\/\/pygomic.com\/\/wp-content\/uploads\/2024\/12\/1.jpg","contentUrl":"https:\/\/pygomic.com\/\/wp-content\/uploads\/2024\/12\/1.jpg","width":1350,"height":900},{"@type":"BreadcrumbList","@id":"https:\/\/pygomic.com\/producto\/f-lite\/#breadcrumb","itemListElement":[{"@type":"ListItem","position":1,"name":"Portada","item":"https:\/\/pygomic.com\/"},{"@type":"ListItem","position":2,"name":"Tienda","item":"https:\/\/pygomic.com\/tienda\/"},{"@type":"ListItem","position":3,"name":"F-Lite"}]},{"@type":"WebSite","@id":"https:\/\/pygomic.com\/#website","url":"https:\/\/pygomic.com\/","name":"Pygomic","description":"Technology for everyone","publisher":{"@id":"https:\/\/pygomic.com\/#organization"},"potentialAction":[{"@type":"SearchAction","target":{"@type":"EntryPoint","urlTemplate":"https:\/\/pygomic.com\/?s={search_term_string}"},"query-input":{"@type":"PropertyValueSpecification","valueRequired":true,"valueName":"search_term_string"}}],"inLanguage":"en-GB"},{"@type":"Organization","@id":"https:\/\/pygomic.com\/#organization","name":"Pygomic","url":"https:\/\/pygomic.com\/","logo":{"@type":"ImageObject","inLanguage":"en-GB","@id":"https:\/\/pygomic.com\/#\/schema\/logo\/image\/","url":"https:\/\/pygomic.com\/wp-content\/uploads\/2020\/05\/Logo-web-png.png","contentUrl":"https:\/\/pygomic.com\/wp-content\/uploads\/2020\/05\/Logo-web-png.png","width":4138,"height":1080,"caption":"Pygomic"},"image":{"@id":"https:\/\/pygomic.com\/#\/schema\/logo\/image\/"}}]}},"_links":{"self":[{"href":"https:\/\/pygomic.com\/en\/wp-json\/wp\/v2\/product\/5623","targetHints":{"allow":["GET"]}}],"collection":[{"href":"https:\/\/pygomic.com\/en\/wp-json\/wp\/v2\/product"}],"about":[{"href":"https:\/\/pygomic.com\/en\/wp-json\/wp\/v2\/types\/product"}],"replies":[{"embeddable":true,"href":"https:\/\/pygomic.com\/en\/wp-json\/wp\/v2\/comments?post=5623"}],"version-history":[{"count":7,"href":"https:\/\/pygomic.com\/en\/wp-json\/wp\/v2\/product\/5623\/revisions"}],"predecessor-version":[{"id":5716,"href":"https:\/\/pygomic.com\/en\/wp-json\/wp\/v2\/product\/5623\/revisions\/5716"}],"wp:featuredmedia":[{"embeddable":true,"href":"https:\/\/pygomic.com\/en\/wp-json\/wp\/v2\/media\/5573"}],"wp:attachment":[{"href":"https:\/\/pygomic.com\/en\/wp-json\/wp\/v2\/media?parent=5623"}],"wp:term":[{"taxonomy":"product_brand","embeddable":true,"href":"https:\/\/pygomic.com\/en\/wp-json\/wp\/v2\/product_brand?post=5623"},{"taxonomy":"product_cat","embeddable":true,"href":"https:\/\/pygomic.com\/en\/wp-json\/wp\/v2\/product_cat?post=5623"},{"taxonomy":"product_tag","embeddable":true,"href":"https:\/\/pygomic.com\/en\/wp-json\/wp\/v2\/product_tag?post=5623"}],"curies":[{"name":"wp","href":"https:\/\/api.w.org\/{rel}","templated":true}]}}